{"id":347,"date":"2023-03-19T17:09:29","date_gmt":"2023-03-19T17:09:29","guid":{"rendered":"https:\/\/www.nueva.consultatolosa.com\/?page_id=347"},"modified":"2024-02-16T00:59:02","modified_gmt":"2024-02-16T00:59:02","slug":"que-es-la-psicoterapia","status":"publish","type":"page","link":"https:\/\/psicologoalejandrotolosa.com\/en\/que-es-la-psicoterapia\/","title":{"rendered":"QUE ES LA PSICOTERAPIA"},"content":{"rendered":"<div data-elementor-type=\"wp-page\" data-elementor-id=\"347\" class=\"elementor elementor-347\" data-elementor-post-type=\"page\">\n\t\t\t\t\t\t<section data-particle_enable=\"false\" data-particle-mobile-disabled=\"false\" class=\"elementor-section elementor-top-section elementor-element elementor-element-8c986ba elementor-section-stretched elementor-section-full_width elementor-section-height-default elementor-section-height-default\" data-id=\"8c986ba\" data-element_type=\"section\" data-e-type=\"section\" data-settings=\"{&quot;stretch_section&quot;:&quot;section-stretched&quot;}\">\n\t\t\t\t\t\t<div class=\"elementor-container elementor-column-gap-default\">\n\t\t\t\t\t<div class=\"elementor-column elementor-col-100 elementor-top-column elementor-element elementor-element-970458b\" data-id=\"970458b\" data-element_type=\"column\" data-e-type=\"column\">\n\t\t\t<div class=\"elementor-widget-wrap elementor-element-populated\">\n\t\t\t\t\t\t<div class=\"elementor-element elementor-element-d1b6e00 elementor-widget elementor-widget-image\" data-id=\"d1b6e00\" data-element_type=\"widget\" data-e-type=\"widget\" data-widget_type=\"image.default\">\n\t\t\t\t<div class=\"elementor-widget-container\">\n\t\t\t\t\t\t\t\t\t\t\t\t\t\t\t<img fetchpriority=\"high\" decoding=\"async\" width=\"1500\" height=\"469\" src=\"https:\/\/psicologoalejandrotolosa.com\/wp-content\/uploads\/2023\/03\/psicoterapia.jpg\" class=\"attachment-full size-full wp-image-348\" alt=\"psicoterapia\" srcset=\"https:\/\/psicologoalejandrotolosa.com\/wp-content\/uploads\/2023\/03\/psicoterapia.jpg 1500w, https:\/\/psicologoalejandrotolosa.com\/wp-content\/uploads\/2023\/03\/psicoterapia-300x94.jpg 300w, https:\/\/psicologoalejandrotolosa.com\/wp-content\/uploads\/2023\/03\/psicoterapia-1024x320.jpg 1024w, https:\/\/psicologoalejandrotolosa.com\/wp-content\/uploads\/2023\/03\/psicoterapia-768x240.jpg 768w\" sizes=\"(max-width: 1500px) 100vw, 1500px\" \/>\t\t\t\t\t\t\t\t\t\t\t\t\t\t\t<\/div>\n\t\t\t\t<\/div>\n\t\t\t\t\t<\/div>\n\t\t<\/div>\n\t\t\t\t\t<\/div>\n\t\t<\/section>\n\t\t\t\t<section data-particle_enable=\"false\" data-particle-mobile-disabled=\"false\" class=\"elementor-section elementor-top-section elementor-element elementor-element-1735943 elementor-section-stretched elementor-section-boxed elementor-section-height-default elementor-section-height-default\" data-id=\"1735943\" data-element_type=\"section\" data-e-type=\"section\" data-settings=\"{&quot;stretch_section&quot;:&quot;section-stretched&quot;}\">\n\t\t\t\t\t\t<div class=\"elementor-container elementor-column-gap-default\">\n\t\t\t\t\t<div class=\"elementor-column elementor-col-100 elementor-top-column elementor-element elementor-element-1420d44\" data-id=\"1420d44\" data-element_type=\"column\" data-e-type=\"column\">\n\t\t\t<div class=\"elementor-widget-wrap elementor-element-populated\">\n\t\t\t\t\t\t<div class=\"elementor-element elementor-element-1c09a6e elementor-widget elementor-widget-heading\" data-id=\"1c09a6e\" data-element_type=\"widget\" data-e-type=\"widget\" data-widget_type=\"heading.default\">\n\t\t\t\t<div class=\"elementor-widget-container\">\n\t\t\t\t\t<h1 class=\"elementor-heading-title elementor-size-default\">Que es la Psicoterapia<\/h1>\t\t\t\t<\/div>\n\t\t\t\t<\/div>\n\t\t\t\t\t<\/div>\n\t\t<\/div>\n\t\t\t\t\t<\/div>\n\t\t<\/section>\n\t\t\t\t<section data-particle_enable=\"false\" data-particle-mobile-disabled=\"false\" class=\"elementor-section elementor-top-section elementor-element elementor-element-163020b elementor-section-stretched elementor-section-boxed elementor-section-height-default elementor-section-height-default\" data-id=\"163020b\" data-element_type=\"section\" data-e-type=\"section\" data-settings=\"{&quot;stretch_section&quot;:&quot;section-stretched&quot;}\">\n\t\t\t\t\t\t<div class=\"elementor-container elementor-column-gap-default\">\n\t\t\t\t\t<div class=\"elementor-column elementor-col-50 elementor-top-column elementor-element elementor-element-f549798\" data-id=\"f549798\" data-element_type=\"column\" data-e-type=\"column\">\n\t\t\t<div class=\"elementor-widget-wrap elementor-element-populated\">\n\t\t\t\t\t\t<div class=\"elementor-element elementor-element-f24562f elementor-widget elementor-widget-text-editor\" data-id=\"f24562f\" data-element_type=\"widget\" data-e-type=\"widget\" data-widget_type=\"text-editor.default\">\n\t\t\t\t<div class=\"elementor-widget-container\">\n\t\t\t\t\t\t\t\t\t<p>La psicoterapia propone un espacio de reflexi\u00f3n y escucha profunda sobre la vida y sus avatares. Un espacio dedicado a que el paciente pueda escuchar su malestar con la distancia necesaria para que explore con determinaci\u00f3n, la relaci\u00f3n que tiene con sus conflictos, dificultades, miedos, dolores y dem\u00e1s malestares que a veces traen la cultura, el amor, la familia, el trabajo, etc\u2026<\/p><p>Existen situaciones en las que la vida adquiere un peso imperceptiblemente gr\u00e1vido y no somos muy buenos en darnos cuenta que podr\u00edamos estar\u00a0\u201ctropezando\u201d\u00a0una y otra vez con la misma piedra, y que en ocasiones,\u00a0somos nosotros mismos quienes podemos estar poni\u00e9ndola\u00a0\u00a0inconscientemente\u00a0en nuestro camino.<\/p><p>Atr\u00e1s est\u00e1n quedado los d\u00edas en los que eran mirados con sospecha aquellos valientes que se animaban a buscar apoyo de un profesional. La psicoterapia se est\u00e1 abriendo campo en la sociedad espa\u00f1ola y por cierto, ya era hora.<\/p><p>\u00a0<\/p>\t\t\t\t\t\t\t\t<\/div>\n\t\t\t\t<\/div>\n\t\t\t\t\t<\/div>\n\t\t<\/div>\n\t\t\t\t<div class=\"elementor-column elementor-col-50 elementor-top-column elementor-element elementor-element-da189e1\" data-id=\"da189e1\" data-element_type=\"column\" data-e-type=\"column\">\n\t\t\t<div class=\"elementor-widget-wrap elementor-element-populated\">\n\t\t\t\t\t\t<div class=\"elementor-element elementor-element-d5c8609 elementor-widget elementor-widget-image\" data-id=\"d5c8609\" data-element_type=\"widget\" data-e-type=\"widget\" data-widget_type=\"image.default\">\n\t\t\t\t<div class=\"elementor-widget-container\">\n\t\t\t\t\t\t\t\t\t\t\t\t\t\t\t<img decoding=\"async\" src=\"https:\/\/psicologoalejandrotolosa.com\/wp-content\/uploads\/2024\/02\/tratamiento3.jpg\" title=\"\" alt=\"tratamiento3\" loading=\"lazy\" \/>\t\t\t\t\t\t\t\t\t\t\t\t\t\t\t<\/div>\n\t\t\t\t<\/div>\n\t\t\t\t\t<\/div>\n\t\t<\/div>\n\t\t\t\t\t<\/div>\n\t\t<\/section>\n\t\t\t\t<section data-particle_enable=\"false\" data-particle-mobile-disabled=\"false\" class=\"elementor-section elementor-top-section elementor-element elementor-element-828eb74 elementor-section-stretched elementor-section-boxed elementor-section-height-default elementor-section-height-default\" data-id=\"828eb74\" data-element_type=\"section\" data-e-type=\"section\" data-settings=\"{&quot;stretch_section&quot;:&quot;section-stretched&quot;,&quot;background_background&quot;:&quot;classic&quot;}\">\n\t\t\t\t\t\t<div class=\"elementor-container elementor-column-gap-default\">\n\t\t\t\t\t<div class=\"elementor-column elementor-col-50 elementor-top-column elementor-element elementor-element-3bb4129\" data-id=\"3bb4129\" data-element_type=\"column\" data-e-type=\"column\">\n\t\t\t<div class=\"elementor-widget-wrap elementor-element-populated\">\n\t\t\t\t\t\t<div class=\"elementor-element elementor-element-688f023 elementor-widget elementor-widget-image\" data-id=\"688f023\" data-element_type=\"widget\" data-e-type=\"widget\" data-widget_type=\"image.default\">\n\t\t\t\t<div class=\"elementor-widget-container\">\n\t\t\t\t\t\t\t\t\t\t\t\t\t\t\t<img decoding=\"async\" src=\"https:\/\/psicologoalejandrotolosa.com\/wp-content\/uploads\/2024\/02\/tratamiento3.jpg\" title=\"\" alt=\"tratamiento3\" loading=\"lazy\" \/>\t\t\t\t\t\t\t\t\t\t\t\t\t\t\t<\/div>\n\t\t\t\t<\/div>\n\t\t\t\t\t<\/div>\n\t\t<\/div>\n\t\t\t\t<div class=\"elementor-column elementor-col-50 elementor-top-column elementor-element elementor-element-5592dc0\" data-id=\"5592dc0\" data-element_type=\"column\" data-e-type=\"column\">\n\t\t\t<div class=\"elementor-widget-wrap elementor-element-populated\">\n\t\t\t\t\t\t<div class=\"elementor-element elementor-element-e8a16d1 elementor-widget elementor-widget-text-editor\" data-id=\"e8a16d1\" data-element_type=\"widget\" data-e-type=\"widget\" data-widget_type=\"text-editor.default\">\n\t\t\t\t<div class=\"elementor-widget-container\">\n\t\t\t\t\t\t\t\t\t<p>Propongo un espacio de di\u00e1logo real, de confianza, de compromiso y de trabajo que nos permita hacer que el tiempo que compartamos juntos, sea un punto de inflexi\u00f3n, y que el trabajo que realicemos puedas llev\u00e1rtelo para toda la vida hacia una existencia m\u00e1s genuina, m\u00e1s consciente, m\u00e1s real.<\/p><p>Mi trabajo como psicoterapeuta consiste en ayudar a mis pacientes a encontrar su propia manera de vivir de manera m\u00e1s aut\u00e9ntica y con mayor satisfacci\u00f3n.<\/p><p>Del amplio abanico de la psicoterapias, sin duda creo que la psicoterapia psicoanal\u00edtica y el psicoan\u00e1lisis ofrecen una alternativa seria, \u00e9tica y de resultados duraderos a los malestares y s\u00edntomas del sujeto contempor\u00e1neo.<\/p>\t\t\t\t\t\t\t\t<\/div>\n\t\t\t\t<\/div>\n\t\t\t\t\t<\/div>\n\t\t<\/div>\n\t\t\t\t\t<\/div>\n\t\t<\/section>\n\t\t\t\t<\/div>","protected":false},"excerpt":{"rendered":"<p>Que es la Psicoterapia La psicoterapia propone un espacio de reflexi\u00f3n y escucha profunda sobre la vida y sus avatares. Un espacio dedicado a que el paciente pueda escuchar su malestar con la distancia necesaria para que explore con determinaci\u00f3n, la relaci\u00f3n que tiene con sus conflictos, dificultades, miedos, dolores y dem\u00e1s malestares que a &#8230; <a title=\"QUE ES LA PSICOTERAPIA\" class=\"read-more\" href=\"https:\/\/psicologoalejandrotolosa.com\/en\/que-es-la-psicoterapia\/\" aria-label=\"Read more about QUE ES LA PSICOTERAPIA\">Leer m\u00e1s<\/a><\/p>","protected":false},"author":1,"featured_media":0,"parent":0,"menu_order":0,"comment_status":"closed","ping_status":"closed","template":"elementor_header_footer","meta":{"footnotes":""},"class_list":["post-347","page","type-page","status-publish"],"yoast_head":"<!-- This site is optimized with the Yoast SEO plugin v27.4 - https:\/\/yoast.com\/product\/yoast-seo-wordpress\/ -->\n<title>QUE ES LA PSICOTERAPIA - Alejandro Tolosa<\/title>\n<meta name=\"robots\" content=\"index, follow, max-snippet:-1, max-image-preview:large, max-video-preview:-1\" \/>\n<link rel=\"canonical\" href=\"https:\/\/psicologoalejandrotolosa.com\/en\/que-es-la-psicoterapia\/\" \/>\n<meta property=\"og:locale\" content=\"en_GB\" \/>\n<meta property=\"og:type\" content=\"article\" \/>\n<meta property=\"og:title\" content=\"QUE ES LA PSICOTERAPIA - Alejandro Tolosa\" \/>\n<meta property=\"og:description\" content=\"Que es la Psicoterapia La psicoterapia propone un espacio de reflexi\u00f3n y escucha profunda sobre la vida y sus avatares. Un espacio dedicado a que el paciente pueda escuchar su malestar con la distancia necesaria para que explore con determinaci\u00f3n, la relaci\u00f3n que tiene con sus conflictos, dificultades, miedos, dolores y dem\u00e1s malestares que a ... Leer m\u00e1s\" \/>\n<meta property=\"og:url\" content=\"https:\/\/psicologoalejandrotolosa.com\/en\/que-es-la-psicoterapia\/\" \/>\n<meta property=\"og:site_name\" content=\"Alejandro Tolosa\" \/>\n<meta property=\"article:modified_time\" content=\"2024-02-16T00:59:02+00:00\" \/>\n<meta property=\"og:image\" content=\"https:\/\/psicologoalejandrotolosa.com\/wp-content\/uploads\/2023\/03\/psicoterapia.jpg\" \/>\n<meta name=\"twitter:card\" content=\"summary_large_image\" \/>\n<meta name=\"twitter:label1\" content=\"Estimated reading time\" \/>\n\t<meta name=\"twitter:data1\" content=\"2 minutes\" \/>\n<script type=\"application\/ld+json\" class=\"yoast-schema-graph\">{\"@context\":\"https:\\\/\\\/schema.org\",\"@graph\":[{\"@type\":\"WebPage\",\"@id\":\"https:\\\/\\\/psicologoalejandrotolosa.com\\\/que-es-la-psicoterapia\\\/\",\"url\":\"https:\\\/\\\/psicologoalejandrotolosa.com\\\/que-es-la-psicoterapia\\\/\",\"name\":\"QUE ES LA PSICOTERAPIA - Alejandro Tolosa\",\"isPartOf\":{\"@id\":\"https:\\\/\\\/psicologoalejandrotolosa.com\\\/#website\"},\"primaryImageOfPage\":{\"@id\":\"https:\\\/\\\/psicologoalejandrotolosa.com\\\/que-es-la-psicoterapia\\\/#primaryimage\"},\"image\":{\"@id\":\"https:\\\/\\\/psicologoalejandrotolosa.com\\\/que-es-la-psicoterapia\\\/#primaryimage\"},\"thumbnailUrl\":\"https:\\\/\\\/psicologoalejandrotolosa.com\\\/wp-content\\\/uploads\\\/2023\\\/03\\\/psicoterapia.jpg\",\"datePublished\":\"2023-03-19T17:09:29+00:00\",\"dateModified\":\"2024-02-16T00:59:02+00:00\",\"breadcrumb\":{\"@id\":\"https:\\\/\\\/psicologoalejandrotolosa.com\\\/que-es-la-psicoterapia\\\/#breadcrumb\"},\"inLanguage\":\"en-GB\",\"potentialAction\":[{\"@type\":\"ReadAction\",\"target\":[\"https:\\\/\\\/psicologoalejandrotolosa.com\\\/que-es-la-psicoterapia\\\/\"]}]},{\"@type\":\"ImageObject\",\"inLanguage\":\"en-GB\",\"@id\":\"https:\\\/\\\/psicologoalejandrotolosa.com\\\/que-es-la-psicoterapia\\\/#primaryimage\",\"url\":\"https:\\\/\\\/psicologoalejandrotolosa.com\\\/wp-content\\\/uploads\\\/2023\\\/03\\\/psicoterapia.jpg\",\"contentUrl\":\"https:\\\/\\\/psicologoalejandrotolosa.com\\\/wp-content\\\/uploads\\\/2023\\\/03\\\/psicoterapia.jpg\"},{\"@type\":\"BreadcrumbList\",\"@id\":\"https:\\\/\\\/psicologoalejandrotolosa.com\\\/que-es-la-psicoterapia\\\/#breadcrumb\",\"itemListElement\":[{\"@type\":\"ListItem\",\"position\":1,\"name\":\"Portada\",\"item\":\"https:\\\/\\\/psicologoalejandrotolosa.com\\\/\"},{\"@type\":\"ListItem\",\"position\":2,\"name\":\"QUE ES LA PSICOTERAPIA\"}]},{\"@type\":\"WebSite\",\"@id\":\"https:\\\/\\\/psicologoalejandrotolosa.com\\\/#website\",\"url\":\"https:\\\/\\\/psicologoalejandrotolosa.com\\\/\",\"name\":\"Alejandro Tolosa\",\"description\":\"\",\"publisher\":{\"@id\":\"https:\\\/\\\/psicologoalejandrotolosa.com\\\/#organization\"},\"potentialAction\":[{\"@type\":\"SearchAction\",\"target\":{\"@type\":\"EntryPoint\",\"urlTemplate\":\"https:\\\/\\\/psicologoalejandrotolosa.com\\\/?s={search_term_string}\"},\"query-input\":{\"@type\":\"PropertyValueSpecification\",\"valueRequired\":true,\"valueName\":\"search_term_string\"}}],\"inLanguage\":\"en-GB\"},{\"@type\":\"Organization\",\"@id\":\"https:\\\/\\\/psicologoalejandrotolosa.com\\\/#organization\",\"name\":\"Alejandro Tolosa\",\"url\":\"https:\\\/\\\/psicologoalejandrotolosa.com\\\/\",\"logo\":{\"@type\":\"ImageObject\",\"inLanguage\":\"en-GB\",\"@id\":\"https:\\\/\\\/psicologoalejandrotolosa.com\\\/#\\\/schema\\\/logo\\\/image\\\/\",\"url\":\"https:\\\/\\\/psicologoalejandrotolosa.com\\\/wp-content\\\/uploads\\\/2024\\\/03\\\/cropped-Diseno-sin-titulo-70.png\",\"contentUrl\":\"https:\\\/\\\/psicologoalejandrotolosa.com\\\/wp-content\\\/uploads\\\/2024\\\/03\\\/cropped-Diseno-sin-titulo-70.png\",\"width\":500,\"height\":472,\"caption\":\"Alejandro Tolosa\"},\"image\":{\"@id\":\"https:\\\/\\\/psicologoalejandrotolosa.com\\\/#\\\/schema\\\/logo\\\/image\\\/\"}}]}<\/script>\n<!-- \/ Yoast SEO plugin. -->","yoast_head_json":{"title":"QUE ES LA PSICOTERAPIA - Alejandro Tolosa","robots":{"index":"index","follow":"follow","max-snippet":"max-snippet:-1","max-image-preview":"max-image-preview:large","max-video-preview":"max-video-preview:-1"},"canonical":"https:\/\/psicologoalejandrotolosa.com\/en\/que-es-la-psicoterapia\/","og_locale":"en_GB","og_type":"article","og_title":"QUE ES LA PSICOTERAPIA - Alejandro Tolosa","og_description":"Que es la Psicoterapia La psicoterapia propone un espacio de reflexi\u00f3n y escucha profunda sobre la vida y sus avatares. Un espacio dedicado a que el paciente pueda escuchar su malestar con la distancia necesaria para que explore con determinaci\u00f3n, la relaci\u00f3n que tiene con sus conflictos, dificultades, miedos, dolores y dem\u00e1s malestares que a ... Leer m\u00e1s","og_url":"https:\/\/psicologoalejandrotolosa.com\/en\/que-es-la-psicoterapia\/","og_site_name":"Alejandro Tolosa","article_modified_time":"2024-02-16T00:59:02+00:00","og_image":[{"url":"https:\/\/psicologoalejandrotolosa.com\/wp-content\/uploads\/2023\/03\/psicoterapia.jpg","type":"","width":"","height":""}],"twitter_card":"summary_large_image","twitter_misc":{"Estimated reading time":"2 minutes"},"schema":{"@context":"https:\/\/schema.org","@graph":[{"@type":"WebPage","@id":"https:\/\/psicologoalejandrotolosa.com\/que-es-la-psicoterapia\/","url":"https:\/\/psicologoalejandrotolosa.com\/que-es-la-psicoterapia\/","name":"QUE ES LA PSICOTERAPIA - Alejandro Tolosa","isPartOf":{"@id":"https:\/\/psicologoalejandrotolosa.com\/#website"},"primaryImageOfPage":{"@id":"https:\/\/psicologoalejandrotolosa.com\/que-es-la-psicoterapia\/#primaryimage"},"image":{"@id":"https:\/\/psicologoalejandrotolosa.com\/que-es-la-psicoterapia\/#primaryimage"},"thumbnailUrl":"https:\/\/psicologoalejandrotolosa.com\/wp-content\/uploads\/2023\/03\/psicoterapia.jpg","datePublished":"2023-03-19T17:09:29+00:00","dateModified":"2024-02-16T00:59:02+00:00","breadcrumb":{"@id":"https:\/\/psicologoalejandrotolosa.com\/que-es-la-psicoterapia\/#breadcrumb"},"inLanguage":"en-GB","potentialAction":[{"@type":"ReadAction","target":["https:\/\/psicologoalejandrotolosa.com\/que-es-la-psicoterapia\/"]}]},{"@type":"ImageObject","inLanguage":"en-GB","@id":"https:\/\/psicologoalejandrotolosa.com\/que-es-la-psicoterapia\/#primaryimage","url":"https:\/\/psicologoalejandrotolosa.com\/wp-content\/uploads\/2023\/03\/psicoterapia.jpg","contentUrl":"https:\/\/psicologoalejandrotolosa.com\/wp-content\/uploads\/2023\/03\/psicoterapia.jpg"},{"@type":"BreadcrumbList","@id":"https:\/\/psicologoalejandrotolosa.com\/que-es-la-psicoterapia\/#breadcrumb","itemListElement":[{"@type":"ListItem","position":1,"name":"Portada","item":"https:\/\/psicologoalejandrotolosa.com\/"},{"@type":"ListItem","position":2,"name":"QUE ES LA PSICOTERAPIA"}]},{"@type":"WebSite","@id":"https:\/\/psicologoalejandrotolosa.com\/#website","url":"https:\/\/psicologoalejandrotolosa.com\/","name":"Alejandro Tolosa","description":"","publisher":{"@id":"https:\/\/psicologoalejandrotolosa.com\/#organization"},"potentialAction":[{"@type":"SearchAction","target":{"@type":"EntryPoint","urlTemplate":"https:\/\/psicologoalejandrotolosa.com\/?s={search_term_string}"},"query-input":{"@type":"PropertyValueSpecification","valueRequired":true,"valueName":"search_term_string"}}],"inLanguage":"en-GB"},{"@type":"Organization","@id":"https:\/\/psicologoalejandrotolosa.com\/#organization","name":"Alejandro Tolosa","url":"https:\/\/psicologoalejandrotolosa.com\/","logo":{"@type":"ImageObject","inLanguage":"en-GB","@id":"https:\/\/psicologoalejandrotolosa.com\/#\/schema\/logo\/image\/","url":"https:\/\/psicologoalejandrotolosa.com\/wp-content\/uploads\/2024\/03\/cropped-Diseno-sin-titulo-70.png","contentUrl":"https:\/\/psicologoalejandrotolosa.com\/wp-content\/uploads\/2024\/03\/cropped-Diseno-sin-titulo-70.png","width":500,"height":472,"caption":"Alejandro Tolosa"},"image":{"@id":"https:\/\/psicologoalejandrotolosa.com\/#\/schema\/logo\/image\/"}}]}},"_links":{"self":[{"href":"https:\/\/psicologoalejandrotolosa.com\/en\/wp-json\/wp\/v2\/pages\/347","targetHints":{"allow":["GET"]}}],"collection":[{"href":"https:\/\/psicologoalejandrotolosa.com\/en\/wp-json\/wp\/v2\/pages"}],"about":[{"href":"https:\/\/psicologoalejandrotolosa.com\/en\/wp-json\/wp\/v2\/types\/page"}],"author":[{"embeddable":true,"href":"https:\/\/psicologoalejandrotolosa.com\/en\/wp-json\/wp\/v2\/users\/1"}],"replies":[{"embeddable":true,"href":"https:\/\/psicologoalejandrotolosa.com\/en\/wp-json\/wp\/v2\/comments?post=347"}],"version-history":[{"count":24,"href":"https:\/\/psicologoalejandrotolosa.com\/en\/wp-json\/wp\/v2\/pages\/347\/revisions"}],"predecessor-version":[{"id":928,"href":"https:\/\/psicologoalejandrotolosa.com\/en\/wp-json\/wp\/v2\/pages\/347\/revisions\/928"}],"wp:attachment":[{"href":"https:\/\/psicologoalejandrotolosa.com\/en\/wp-json\/wp\/v2\/media?parent=347"}],"curies":[{"name":"wp","href":"https:\/\/api.w.org\/{rel}","templated":true}]}}