{"id":356,"date":"2023-03-19T17:14:46","date_gmt":"2023-03-19T17:14:46","guid":{"rendered":"https:\/\/www.nueva.consultatolosa.com\/?page_id=356"},"modified":"2024-05-29T19:06:28","modified_gmt":"2024-05-29T19:06:28","slug":"que-es-el-psicoanalisis","status":"publish","type":"page","link":"https:\/\/psicologoalejandrotolosa.com\/en\/que-es-el-psicoanalisis\/","title":{"rendered":"QU\u00c9 ES EL PSICOAN\u00c1LISIS"},"content":{"rendered":"<div data-elementor-type=\"wp-page\" data-elementor-id=\"356\" class=\"elementor elementor-356\" data-elementor-post-type=\"page\">\n\t\t\t\t\t\t<section data-particle_enable=\"false\" data-particle-mobile-disabled=\"false\" class=\"elementor-section elementor-top-section elementor-element elementor-element-8c986ba elementor-section-stretched elementor-section-full_width elementor-section-height-default elementor-section-height-default\" data-id=\"8c986ba\" data-element_type=\"section\" data-e-type=\"section\" data-settings=\"{&quot;stretch_section&quot;:&quot;section-stretched&quot;}\">\n\t\t\t\t\t\t<div class=\"elementor-container elementor-column-gap-default\">\n\t\t\t\t\t<div class=\"elementor-column elementor-col-100 elementor-top-column elementor-element elementor-element-970458b\" data-id=\"970458b\" data-element_type=\"column\" data-e-type=\"column\">\n\t\t\t<div class=\"elementor-widget-wrap elementor-element-populated\">\n\t\t\t\t\t\t<div class=\"elementor-element elementor-element-d1b6e00 elementor-widget elementor-widget-image\" data-id=\"d1b6e00\" data-element_type=\"widget\" data-e-type=\"widget\" data-widget_type=\"image.default\">\n\t\t\t\t<div class=\"elementor-widget-container\">\n\t\t\t\t\t\t\t\t\t\t\t\t\t\t\t<img fetchpriority=\"high\" decoding=\"async\" width=\"1500\" height=\"469\" src=\"https:\/\/psicologoalejandrotolosa.com\/wp-content\/uploads\/2023\/03\/psicoanalisis.jpg\" class=\"attachment-full size-full wp-image-358\" alt=\"psicoanalisis\" srcset=\"https:\/\/psicologoalejandrotolosa.com\/wp-content\/uploads\/2023\/03\/psicoanalisis.jpg 1500w, https:\/\/psicologoalejandrotolosa.com\/wp-content\/uploads\/2023\/03\/psicoanalisis-300x94.jpg 300w, https:\/\/psicologoalejandrotolosa.com\/wp-content\/uploads\/2023\/03\/psicoanalisis-1024x320.jpg 1024w, https:\/\/psicologoalejandrotolosa.com\/wp-content\/uploads\/2023\/03\/psicoanalisis-768x240.jpg 768w\" sizes=\"(max-width: 1500px) 100vw, 1500px\" \/>\t\t\t\t\t\t\t\t\t\t\t\t\t\t\t<\/div>\n\t\t\t\t<\/div>\n\t\t\t\t\t<\/div>\n\t\t<\/div>\n\t\t\t\t\t<\/div>\n\t\t<\/section>\n\t\t\t\t<section data-particle_enable=\"false\" data-particle-mobile-disabled=\"false\" class=\"elementor-section elementor-top-section elementor-element elementor-element-1735943 elementor-section-stretched elementor-section-boxed elementor-section-height-default elementor-section-height-default\" data-id=\"1735943\" data-element_type=\"section\" data-e-type=\"section\" data-settings=\"{&quot;stretch_section&quot;:&quot;section-stretched&quot;}\">\n\t\t\t\t\t\t<div class=\"elementor-container elementor-column-gap-default\">\n\t\t\t\t\t<div class=\"elementor-column elementor-col-100 elementor-top-column elementor-element elementor-element-1420d44\" data-id=\"1420d44\" data-element_type=\"column\" data-e-type=\"column\">\n\t\t\t<div class=\"elementor-widget-wrap elementor-element-populated\">\n\t\t\t\t\t\t<div class=\"elementor-element elementor-element-1c09a6e elementor-widget elementor-widget-heading\" data-id=\"1c09a6e\" data-element_type=\"widget\" data-e-type=\"widget\" data-widget_type=\"heading.default\">\n\t\t\t\t<div class=\"elementor-widget-container\">\n\t\t\t\t\t<h1 class=\"elementor-heading-title elementor-size-default\">Qu\u00e9 es el Psicoan\u00e1lisis<\/h1>\t\t\t\t<\/div>\n\t\t\t\t<\/div>\n\t\t\t\t\t<\/div>\n\t\t<\/div>\n\t\t\t\t\t<\/div>\n\t\t<\/section>\n\t\t\t\t<section data-particle_enable=\"false\" data-particle-mobile-disabled=\"false\" class=\"elementor-section elementor-top-section elementor-element elementor-element-163020b elementor-section-stretched elementor-section-boxed elementor-section-height-default elementor-section-height-default\" data-id=\"163020b\" data-element_type=\"section\" data-e-type=\"section\" data-settings=\"{&quot;stretch_section&quot;:&quot;section-stretched&quot;}\">\n\t\t\t\t\t\t<div class=\"elementor-container elementor-column-gap-default\">\n\t\t\t\t\t<div class=\"elementor-column elementor-col-50 elementor-top-column elementor-element elementor-element-23bb50f\" data-id=\"23bb50f\" data-element_type=\"column\" data-e-type=\"column\">\n\t\t\t<div class=\"elementor-widget-wrap elementor-element-populated\">\n\t\t\t\t\t\t<div class=\"elementor-element elementor-element-2e54cf7 elementor-widget elementor-widget-text-editor\" data-id=\"2e54cf7\" data-element_type=\"widget\" data-e-type=\"widget\" data-widget_type=\"text-editor.default\">\n\t\t\t\t<div class=\"elementor-widget-container\">\n\t\t\t\t\t\t\t\t\t<p>\u00bfQue es el Psicoan\u00e1lisis?, El Psicoan\u00e1lisis Nace de las manos del cient\u00edfico y neur\u00f3logo\u00a0Sigmund Freud\u00a0como un m\u00e9todo de investigaci\u00f3n de los procesos ps\u00edquicos inconscientes. Mientras que la ciencia del momento naufragaba en el intento de entender de d\u00f3nde ven\u00edan los s\u00edntomas de la histeria, Freud la puso \u201cpatas arriba\u201d e hizo lo que ning\u00fan cient\u00edfico ni m\u00e9dico de la \u00e9poca se dispuso a hacer: dejar de diagnosticar e intervenir, para escuchar profundamente a sus pacientes.<\/p><p>Desde ese momento nace la teor\u00eda m\u00e1s completa de la mente y una pr\u00e1ctica que hoy es centenaria, que entiende muy bien que\u00a0no hay dos personas iguales y por ello, abre un espacio muy singular en el que analista y paciente se ver\u00e1n abocados a recorrer un camino de m\u00faltiples dificultades; el camino del inconsciente.<\/p>\t\t\t\t\t\t\t\t<\/div>\n\t\t\t\t<\/div>\n\t\t\t\t\t<\/div>\n\t\t<\/div>\n\t\t\t\t<div class=\"elementor-column elementor-col-50 elementor-top-column elementor-element elementor-element-f549798\" data-id=\"f549798\" data-element_type=\"column\" data-e-type=\"column\">\n\t\t\t<div class=\"elementor-widget-wrap elementor-element-populated\">\n\t\t\t\t\t\t<div class=\"elementor-element elementor-element-a53ddf2 elementor-widget elementor-widget-image\" data-id=\"a53ddf2\" data-element_type=\"widget\" data-e-type=\"widget\" data-widget_type=\"image.default\">\n\t\t\t\t<div class=\"elementor-widget-container\">\n\t\t\t\t\t\t\t\t\t\t\t\t\t\t\t<img decoding=\"async\" width=\"1920\" height=\"1000\" src=\"https:\/\/psicologoalejandrotolosa.com\/wp-content\/uploads\/2024\/02\/psicoterapia-de-pareja.png\" class=\"attachment-full size-full wp-image-1025\" alt=\"psicoterapia de pareja\" srcset=\"https:\/\/psicologoalejandrotolosa.com\/wp-content\/uploads\/2024\/02\/psicoterapia-de-pareja.png 1920w, https:\/\/psicologoalejandrotolosa.com\/wp-content\/uploads\/2024\/02\/psicoterapia-de-pareja-300x156.png 300w, https:\/\/psicologoalejandrotolosa.com\/wp-content\/uploads\/2024\/02\/psicoterapia-de-pareja-1024x533.png 1024w, https:\/\/psicologoalejandrotolosa.com\/wp-content\/uploads\/2024\/02\/psicoterapia-de-pareja-768x400.png 768w, https:\/\/psicologoalejandrotolosa.com\/wp-content\/uploads\/2024\/02\/psicoterapia-de-pareja-1536x800.png 1536w\" sizes=\"(max-width: 1920px) 100vw, 1920px\" \/>\t\t\t\t\t\t\t\t\t\t\t\t\t\t\t<\/div>\n\t\t\t\t<\/div>\n\t\t\t\t\t<\/div>\n\t\t<\/div>\n\t\t\t\t\t<\/div>\n\t\t<\/section>\n\t\t\t\t<section data-particle_enable=\"false\" data-particle-mobile-disabled=\"false\" class=\"elementor-section elementor-top-section elementor-element elementor-element-3ce0a07 elementor-section-stretched elementor-section-boxed elementor-section-height-default elementor-section-height-default\" data-id=\"3ce0a07\" data-element_type=\"section\" data-e-type=\"section\" data-settings=\"{&quot;stretch_section&quot;:&quot;section-stretched&quot;,&quot;background_background&quot;:&quot;classic&quot;}\">\n\t\t\t\t\t\t<div class=\"elementor-container elementor-column-gap-default\">\n\t\t\t\t\t<div class=\"elementor-column elementor-col-50 elementor-top-column elementor-element elementor-element-0e37d12\" data-id=\"0e37d12\" data-element_type=\"column\" data-e-type=\"column\">\n\t\t\t<div class=\"elementor-widget-wrap elementor-element-populated\">\n\t\t\t\t\t\t<div class=\"elementor-element elementor-element-72a0809 elementor-widget elementor-widget-image\" data-id=\"72a0809\" data-element_type=\"widget\" data-e-type=\"widget\" data-widget_type=\"image.default\">\n\t\t\t\t<div class=\"elementor-widget-container\">\n\t\t\t\t\t\t\t\t\t\t\t\t\t\t\t<img decoding=\"async\" width=\"1500\" height=\"469\" src=\"https:\/\/psicologoalejandrotolosa.com\/wp-content\/uploads\/2023\/03\/psicoterapia.jpg\" class=\"attachment-full size-full wp-image-348\" alt=\"psicoterapia\" srcset=\"https:\/\/psicologoalejandrotolosa.com\/wp-content\/uploads\/2023\/03\/psicoterapia.jpg 1500w, https:\/\/psicologoalejandrotolosa.com\/wp-content\/uploads\/2023\/03\/psicoterapia-300x94.jpg 300w, https:\/\/psicologoalejandrotolosa.com\/wp-content\/uploads\/2023\/03\/psicoterapia-1024x320.jpg 1024w, https:\/\/psicologoalejandrotolosa.com\/wp-content\/uploads\/2023\/03\/psicoterapia-768x240.jpg 768w\" sizes=\"(max-width: 1500px) 100vw, 1500px\" \/>\t\t\t\t\t\t\t\t\t\t\t\t\t\t\t<\/div>\n\t\t\t\t<\/div>\n\t\t\t\t\t<\/div>\n\t\t<\/div>\n\t\t\t\t<div class=\"elementor-column elementor-col-50 elementor-top-column elementor-element elementor-element-8490435\" data-id=\"8490435\" data-element_type=\"column\" data-e-type=\"column\">\n\t\t\t<div class=\"elementor-widget-wrap elementor-element-populated\">\n\t\t\t\t\t\t<div class=\"elementor-element elementor-element-656a318 elementor-widget elementor-widget-text-editor\" data-id=\"656a318\" data-element_type=\"widget\" data-e-type=\"widget\" data-widget_type=\"text-editor.default\">\n\t\t\t\t<div class=\"elementor-widget-container\">\n\t\t\t\t\t\t\t\t\t<p>Por m\u00e1s desarrollado que est\u00e9 el campo de la farmac\u00e9utica y las t\u00e9cnicas del comportamiento, no existe medicamento ni t\u00e9cnica conductual capaz de descifrar los misterios de la contradicci\u00f3n humana. Seguimos haciendo planes y proclamando discursos mientras hacemos directamente lo contrario.<\/p><p>\u00a0La repetici\u00f3n de los s\u00edntomas, de las elecciones que van en contra de nosotros mismos, la angustia, la aparici\u00f3n de la ansiedad y la depresi\u00f3n cuando no existen razones pr\u00e1cticas para estar mal, la imposibilidad de cambiar nuestro destino, etc\u2026 Es la prueba m\u00e1s clara de que en nosotros existe la fuerza de un pasado que con sus marcas, ha moldeado una estructura singular y capaz, y que entenderla y descifrarla ser\u00e1 la base para enfrentarnos a las relaciones y a la vida.<\/p><p><strong>Es fundamental encontrar nuestro lugar en el mundo y ello s\u00f3lo puede lograrse cuando podemos sujetar con fuerza un deseo decidido<\/strong>. Sin embargo, para saber qu\u00e9 deseamos realmente, debemos recorrer el camino y la pregunta de qui\u00e9nes somos en realidad.<\/p>\t\t\t\t\t\t\t\t<\/div>\n\t\t\t\t<\/div>\n\t\t\t\t\t<\/div>\n\t\t<\/div>\n\t\t\t\t\t<\/div>\n\t\t<\/section>\n\t\t\t\t<\/div>","protected":false},"excerpt":{"rendered":"<p>Qu\u00e9 es el Psicoan\u00e1lisis \u00bfQue es el Psicoan\u00e1lisis?, El Psicoan\u00e1lisis Nace de las manos del cient\u00edfico y neur\u00f3logo\u00a0Sigmund Freud\u00a0como un m\u00e9todo de investigaci\u00f3n de los procesos ps\u00edquicos inconscientes. Mientras que la ciencia del momento naufragaba en el intento de entender de d\u00f3nde ven\u00edan los s\u00edntomas de la histeria, Freud la puso \u201cpatas arriba\u201d e hizo &#8230; <a title=\"QU\u00c9 ES EL PSICOAN\u00c1LISIS\" class=\"read-more\" href=\"https:\/\/psicologoalejandrotolosa.com\/en\/que-es-el-psicoanalisis\/\" aria-label=\"Read more about QU\u00c9 ES EL PSICOAN\u00c1LISIS\">Leer m\u00e1s<\/a><\/p>","protected":false},"author":1,"featured_media":0,"parent":0,"menu_order":0,"comment_status":"closed","ping_status":"closed","template":"elementor_header_footer","meta":{"footnotes":""},"class_list":["post-356","page","type-page","status-publish"],"yoast_head":"<!-- This site is optimized with the Yoast SEO plugin v27.4 - https:\/\/yoast.com\/product\/yoast-seo-wordpress\/ -->\n<title>QU\u00c9 ES EL PSICOAN\u00c1LISIS - Alejandro Tolosa<\/title>\n<meta name=\"robots\" content=\"index, follow, max-snippet:-1, max-image-preview:large, max-video-preview:-1\" \/>\n<link rel=\"canonical\" href=\"https:\/\/psicologoalejandrotolosa.com\/en\/que-es-el-psicoanalisis\/\" \/>\n<meta property=\"og:locale\" content=\"en_GB\" \/>\n<meta property=\"og:type\" content=\"article\" \/>\n<meta property=\"og:title\" content=\"QU\u00c9 ES EL PSICOAN\u00c1LISIS - Alejandro Tolosa\" \/>\n<meta property=\"og:description\" content=\"Qu\u00e9 es el Psicoan\u00e1lisis \u00bfQue es el Psicoan\u00e1lisis?, El Psicoan\u00e1lisis Nace de las manos del cient\u00edfico y neur\u00f3logo\u00a0Sigmund Freud\u00a0como un m\u00e9todo de investigaci\u00f3n de los procesos ps\u00edquicos inconscientes. Mientras que la ciencia del momento naufragaba en el intento de entender de d\u00f3nde ven\u00edan los s\u00edntomas de la histeria, Freud la puso \u201cpatas arriba\u201d e hizo ... Leer m\u00e1s\" \/>\n<meta property=\"og:url\" content=\"https:\/\/psicologoalejandrotolosa.com\/en\/que-es-el-psicoanalisis\/\" \/>\n<meta property=\"og:site_name\" content=\"Alejandro Tolosa\" \/>\n<meta property=\"article:modified_time\" content=\"2024-05-29T19:06:28+00:00\" \/>\n<meta property=\"og:image\" content=\"https:\/\/psicologoalejandrotolosa.com\/wp-content\/uploads\/2023\/03\/psicoanalisis.jpg\" \/>\n<meta name=\"twitter:card\" content=\"summary_large_image\" \/>\n<meta name=\"twitter:label1\" content=\"Estimated reading time\" \/>\n\t<meta name=\"twitter:data1\" content=\"2 minutes\" \/>\n<script type=\"application\/ld+json\" class=\"yoast-schema-graph\">{\"@context\":\"https:\\\/\\\/schema.org\",\"@graph\":[{\"@type\":\"WebPage\",\"@id\":\"https:\\\/\\\/psicologoalejandrotolosa.com\\\/que-es-el-psicoanalisis\\\/\",\"url\":\"https:\\\/\\\/psicologoalejandrotolosa.com\\\/que-es-el-psicoanalisis\\\/\",\"name\":\"QU\u00c9 ES EL PSICOAN\u00c1LISIS - Alejandro Tolosa\",\"isPartOf\":{\"@id\":\"https:\\\/\\\/psicologoalejandrotolosa.com\\\/#website\"},\"primaryImageOfPage\":{\"@id\":\"https:\\\/\\\/psicologoalejandrotolosa.com\\\/que-es-el-psicoanalisis\\\/#primaryimage\"},\"image\":{\"@id\":\"https:\\\/\\\/psicologoalejandrotolosa.com\\\/que-es-el-psicoanalisis\\\/#primaryimage\"},\"thumbnailUrl\":\"https:\\\/\\\/psicologoalejandrotolosa.com\\\/wp-content\\\/uploads\\\/2023\\\/03\\\/psicoanalisis.jpg\",\"datePublished\":\"2023-03-19T17:14:46+00:00\",\"dateModified\":\"2024-05-29T19:06:28+00:00\",\"breadcrumb\":{\"@id\":\"https:\\\/\\\/psicologoalejandrotolosa.com\\\/que-es-el-psicoanalisis\\\/#breadcrumb\"},\"inLanguage\":\"en-GB\",\"potentialAction\":[{\"@type\":\"ReadAction\",\"target\":[\"https:\\\/\\\/psicologoalejandrotolosa.com\\\/que-es-el-psicoanalisis\\\/\"]}]},{\"@type\":\"ImageObject\",\"inLanguage\":\"en-GB\",\"@id\":\"https:\\\/\\\/psicologoalejandrotolosa.com\\\/que-es-el-psicoanalisis\\\/#primaryimage\",\"url\":\"https:\\\/\\\/psicologoalejandrotolosa.com\\\/wp-content\\\/uploads\\\/2023\\\/03\\\/psicoanalisis.jpg\",\"contentUrl\":\"https:\\\/\\\/psicologoalejandrotolosa.com\\\/wp-content\\\/uploads\\\/2023\\\/03\\\/psicoanalisis.jpg\"},{\"@type\":\"BreadcrumbList\",\"@id\":\"https:\\\/\\\/psicologoalejandrotolosa.com\\\/que-es-el-psicoanalisis\\\/#breadcrumb\",\"itemListElement\":[{\"@type\":\"ListItem\",\"position\":1,\"name\":\"Portada\",\"item\":\"https:\\\/\\\/psicologoalejandrotolosa.com\\\/\"},{\"@type\":\"ListItem\",\"position\":2,\"name\":\"QU\u00c9 ES EL PSICOAN\u00c1LISIS\"}]},{\"@type\":\"WebSite\",\"@id\":\"https:\\\/\\\/psicologoalejandrotolosa.com\\\/#website\",\"url\":\"https:\\\/\\\/psicologoalejandrotolosa.com\\\/\",\"name\":\"Alejandro Tolosa\",\"description\":\"\",\"publisher\":{\"@id\":\"https:\\\/\\\/psicologoalejandrotolosa.com\\\/#organization\"},\"potentialAction\":[{\"@type\":\"SearchAction\",\"target\":{\"@type\":\"EntryPoint\",\"urlTemplate\":\"https:\\\/\\\/psicologoalejandrotolosa.com\\\/?s={search_term_string}\"},\"query-input\":{\"@type\":\"PropertyValueSpecification\",\"valueRequired\":true,\"valueName\":\"search_term_string\"}}],\"inLanguage\":\"en-GB\"},{\"@type\":\"Organization\",\"@id\":\"https:\\\/\\\/psicologoalejandrotolosa.com\\\/#organization\",\"name\":\"Alejandro Tolosa\",\"url\":\"https:\\\/\\\/psicologoalejandrotolosa.com\\\/\",\"logo\":{\"@type\":\"ImageObject\",\"inLanguage\":\"en-GB\",\"@id\":\"https:\\\/\\\/psicologoalejandrotolosa.com\\\/#\\\/schema\\\/logo\\\/image\\\/\",\"url\":\"https:\\\/\\\/psicologoalejandrotolosa.com\\\/wp-content\\\/uploads\\\/2024\\\/03\\\/cropped-Diseno-sin-titulo-70.png\",\"contentUrl\":\"https:\\\/\\\/psicologoalejandrotolosa.com\\\/wp-content\\\/uploads\\\/2024\\\/03\\\/cropped-Diseno-sin-titulo-70.png\",\"width\":500,\"height\":472,\"caption\":\"Alejandro Tolosa\"},\"image\":{\"@id\":\"https:\\\/\\\/psicologoalejandrotolosa.com\\\/#\\\/schema\\\/logo\\\/image\\\/\"}}]}<\/script>\n<!-- \/ Yoast SEO plugin. -->","yoast_head_json":{"title":"QU\u00c9 ES EL PSICOAN\u00c1LISIS - Alejandro Tolosa","robots":{"index":"index","follow":"follow","max-snippet":"max-snippet:-1","max-image-preview":"max-image-preview:large","max-video-preview":"max-video-preview:-1"},"canonical":"https:\/\/psicologoalejandrotolosa.com\/en\/que-es-el-psicoanalisis\/","og_locale":"en_GB","og_type":"article","og_title":"QU\u00c9 ES EL PSICOAN\u00c1LISIS - Alejandro Tolosa","og_description":"Qu\u00e9 es el Psicoan\u00e1lisis \u00bfQue es el Psicoan\u00e1lisis?, El Psicoan\u00e1lisis Nace de las manos del cient\u00edfico y neur\u00f3logo\u00a0Sigmund Freud\u00a0como un m\u00e9todo de investigaci\u00f3n de los procesos ps\u00edquicos inconscientes. Mientras que la ciencia del momento naufragaba en el intento de entender de d\u00f3nde ven\u00edan los s\u00edntomas de la histeria, Freud la puso \u201cpatas arriba\u201d e hizo ... Leer m\u00e1s","og_url":"https:\/\/psicologoalejandrotolosa.com\/en\/que-es-el-psicoanalisis\/","og_site_name":"Alejandro Tolosa","article_modified_time":"2024-05-29T19:06:28+00:00","og_image":[{"url":"https:\/\/psicologoalejandrotolosa.com\/wp-content\/uploads\/2023\/03\/psicoanalisis.jpg","type":"","width":"","height":""}],"twitter_card":"summary_large_image","twitter_misc":{"Estimated reading time":"2 minutes"},"schema":{"@context":"https:\/\/schema.org","@graph":[{"@type":"WebPage","@id":"https:\/\/psicologoalejandrotolosa.com\/que-es-el-psicoanalisis\/","url":"https:\/\/psicologoalejandrotolosa.com\/que-es-el-psicoanalisis\/","name":"QU\u00c9 ES EL PSICOAN\u00c1LISIS - Alejandro Tolosa","isPartOf":{"@id":"https:\/\/psicologoalejandrotolosa.com\/#website"},"primaryImageOfPage":{"@id":"https:\/\/psicologoalejandrotolosa.com\/que-es-el-psicoanalisis\/#primaryimage"},"image":{"@id":"https:\/\/psicologoalejandrotolosa.com\/que-es-el-psicoanalisis\/#primaryimage"},"thumbnailUrl":"https:\/\/psicologoalejandrotolosa.com\/wp-content\/uploads\/2023\/03\/psicoanalisis.jpg","datePublished":"2023-03-19T17:14:46+00:00","dateModified":"2024-05-29T19:06:28+00:00","breadcrumb":{"@id":"https:\/\/psicologoalejandrotolosa.com\/que-es-el-psicoanalisis\/#breadcrumb"},"inLanguage":"en-GB","potentialAction":[{"@type":"ReadAction","target":["https:\/\/psicologoalejandrotolosa.com\/que-es-el-psicoanalisis\/"]}]},{"@type":"ImageObject","inLanguage":"en-GB","@id":"https:\/\/psicologoalejandrotolosa.com\/que-es-el-psicoanalisis\/#primaryimage","url":"https:\/\/psicologoalejandrotolosa.com\/wp-content\/uploads\/2023\/03\/psicoanalisis.jpg","contentUrl":"https:\/\/psicologoalejandrotolosa.com\/wp-content\/uploads\/2023\/03\/psicoanalisis.jpg"},{"@type":"BreadcrumbList","@id":"https:\/\/psicologoalejandrotolosa.com\/que-es-el-psicoanalisis\/#breadcrumb","itemListElement":[{"@type":"ListItem","position":1,"name":"Portada","item":"https:\/\/psicologoalejandrotolosa.com\/"},{"@type":"ListItem","position":2,"name":"QU\u00c9 ES EL PSICOAN\u00c1LISIS"}]},{"@type":"WebSite","@id":"https:\/\/psicologoalejandrotolosa.com\/#website","url":"https:\/\/psicologoalejandrotolosa.com\/","name":"Alejandro Tolosa","description":"","publisher":{"@id":"https:\/\/psicologoalejandrotolosa.com\/#organization"},"potentialAction":[{"@type":"SearchAction","target":{"@type":"EntryPoint","urlTemplate":"https:\/\/psicologoalejandrotolosa.com\/?s={search_term_string}"},"query-input":{"@type":"PropertyValueSpecification","valueRequired":true,"valueName":"search_term_string"}}],"inLanguage":"en-GB"},{"@type":"Organization","@id":"https:\/\/psicologoalejandrotolosa.com\/#organization","name":"Alejandro Tolosa","url":"https:\/\/psicologoalejandrotolosa.com\/","logo":{"@type":"ImageObject","inLanguage":"en-GB","@id":"https:\/\/psicologoalejandrotolosa.com\/#\/schema\/logo\/image\/","url":"https:\/\/psicologoalejandrotolosa.com\/wp-content\/uploads\/2024\/03\/cropped-Diseno-sin-titulo-70.png","contentUrl":"https:\/\/psicologoalejandrotolosa.com\/wp-content\/uploads\/2024\/03\/cropped-Diseno-sin-titulo-70.png","width":500,"height":472,"caption":"Alejandro Tolosa"},"image":{"@id":"https:\/\/psicologoalejandrotolosa.com\/#\/schema\/logo\/image\/"}}]}},"_links":{"self":[{"href":"https:\/\/psicologoalejandrotolosa.com\/en\/wp-json\/wp\/v2\/pages\/356","targetHints":{"allow":["GET"]}}],"collection":[{"href":"https:\/\/psicologoalejandrotolosa.com\/en\/wp-json\/wp\/v2\/pages"}],"about":[{"href":"https:\/\/psicologoalejandrotolosa.com\/en\/wp-json\/wp\/v2\/types\/page"}],"author":[{"embeddable":true,"href":"https:\/\/psicologoalejandrotolosa.com\/en\/wp-json\/wp\/v2\/users\/1"}],"replies":[{"embeddable":true,"href":"https:\/\/psicologoalejandrotolosa.com\/en\/wp-json\/wp\/v2\/comments?post=356"}],"version-history":[{"count":46,"href":"https:\/\/psicologoalejandrotolosa.com\/en\/wp-json\/wp\/v2\/pages\/356\/revisions"}],"predecessor-version":[{"id":1245,"href":"https:\/\/psicologoalejandrotolosa.com\/en\/wp-json\/wp\/v2\/pages\/356\/revisions\/1245"}],"wp:attachment":[{"href":"https:\/\/psicologoalejandrotolosa.com\/en\/wp-json\/wp\/v2\/media?parent=356"}],"curies":[{"name":"wp","href":"https:\/\/api.w.org\/{rel}","templated":true}]}}