{"id":553,"date":"2024-02-11T18:58:50","date_gmt":"2024-02-11T18:58:50","guid":{"rendered":"https:\/\/psicologoalejandrotolosa.com\/?page_id=553"},"modified":"2024-02-11T22:11:55","modified_gmt":"2024-02-11T22:11:55","slug":"accesibilidad","status":"publish","type":"page","link":"https:\/\/psicologoalejandrotolosa.com\/en\/accesibilidad\/","title":{"rendered":"accesibilidad"},"content":{"rendered":"<div data-elementor-type=\"wp-page\" data-elementor-id=\"553\" class=\"elementor elementor-553\" data-elementor-post-type=\"page\">\n\t\t\t\t\t\t<section data-particle_enable=\"false\" data-particle-mobile-disabled=\"false\" class=\"elementor-section elementor-top-section elementor-element elementor-element-23800870 elementor-section-stretched elementor-section-boxed elementor-section-height-default elementor-section-height-default\" data-id=\"23800870\" data-element_type=\"section\" data-e-type=\"section\" data-settings=\"{&quot;stretch_section&quot;:&quot;section-stretched&quot;}\">\n\t\t\t\t\t\t<div class=\"elementor-container elementor-column-gap-default\">\n\t\t\t\t\t<div class=\"elementor-column elementor-col-100 elementor-top-column elementor-element elementor-element-5740e35f\" data-id=\"5740e35f\" data-element_type=\"column\" data-e-type=\"column\">\n\t\t\t<div class=\"elementor-widget-wrap elementor-element-populated\">\n\t\t\t\t\t\t<div class=\"elementor-element elementor-element-5caf99e elementor-widget elementor-widget-heading\" data-id=\"5caf99e\" data-element_type=\"widget\" data-e-type=\"widget\" data-widget_type=\"heading.default\">\n\t\t\t\t<div class=\"elementor-widget-container\">\n\t\t\t\t\t<h1 class=\"elementor-heading-title elementor-size-default\">Accesibilidad<\/h1>\t\t\t\t<\/div>\n\t\t\t\t<\/div>\n\t\t\t\t<div class=\"elementor-element elementor-element-5ea50ad0 elementor-widget elementor-widget-text-editor\" data-id=\"5ea50ad0\" data-element_type=\"widget\" data-e-type=\"widget\" data-widget_type=\"text-editor.default\">\n\t\t\t\t<div class=\"elementor-widget-container\">\n\t\t\t\t\t\t\t\t\t<p>Compromiso Legal con la Accesibilidad<\/p>\n<p>se compromete formalmente a gestionar la accesibilidad de acuerdo con las disposiciones del Real Decreto 1112\/2018, de 7 de septiembre, sobre la accesibilidad de los sitios web.<\/p>\n<p>Evaluaci\u00f3n de Conformidad:<br \/>Este sitio web se declara parcialmente conforme con el RD 1112\/2018. Se ha trabajado para garantizar la total accesibilidad del contenido, aunque podr\u00eda haber errores puntuales de c\u00f3digo en algunas secciones. La conformidad alcanzada es de nivel AA seg\u00fan la norma UNE-EN 301549:2019. Es posible que algunos componentes de la interfaz de usuario no est\u00e9n etiquetados correctamente, y algunos archivos ofim\u00e1ticos publicados antes del 20 de septiembre de 2018 podr\u00edan no cumplir totalmente con los requisitos de accesibilidad, aunque se ha procurado que la mayor\u00eda lo haga.<\/p>\n<p>Esta declaraci\u00f3n, realizada el 20 de febrero de 2023, fue preparada mediante una autoevaluaci\u00f3n realizada por la propia empresa y no ha sido revisada ni actualizada desde esa fecha. Las herramientas utilizadas para esta evaluaci\u00f3n incluyen:<\/p>\n<p>ContrastChecker (extensi\u00f3n de navegador Chrome)<br \/>taba11y (extensi\u00f3n de navegador Chrome)<br \/>Wave (extensi\u00f3n de navegador Chrome)<br \/>Seo Meta 1Click (extensi\u00f3n de navegador Chrome)<br \/>Plugin WordPress User Way (wordpress)<br \/>Page Speed Insight (herramienta de Google)<br \/>Contacto:<br \/>Le invitamos a comunicarse sobre requisitos de accesibilidad (art\u00edculo 10.2.a del RD 1112\/2018), como:<\/p>\n<p>Informar sobre posibles incumplimientos del sitio web.<br \/>Transmitir otras dificultades de acceso al contenido.<br \/>Formular cualquier otra consulta o sugerencia de mejora relativa a la accesibilidad del sitio web.<br \/>Puede presentar quejas relacionadas con el cumplimiento de los requisitos del RD 1112\/2018. En la Solicitud de Informaci\u00f3n Accesible, se debe especificar con claridad los hechos, razones y solicitudes que respalden una solicitud razonable y leg\u00edtima.<\/p>\n<p>Las quejas y reclamaciones sobre informaci\u00f3n accesible se atender\u00e1n a trav\u00e9s del formulario de contacto en la p\u00e1gina web.<\/p>\n<p>Contenido:<br \/>Este portal est\u00e1 dise\u00f1ado para permitir cambios en el tama\u00f1o del texto y el color, as\u00ed como el fondo de la p\u00e1gina, mediante las opciones de configuraci\u00f3n est\u00e1ndar de los navegadores.<\/p>\n<p>Para ajustar el tama\u00f1o del texto en los principales navegadores gr\u00e1ficos, utilice los siguientes men\u00fas:<\/p>\n<p>Internet Explorer, Mozilla y Firefox: Ver &gt; Tama\u00f1o del texto<br \/>Opera: Ver &gt; Zoom<br \/>Safari: Ver &gt; Hacer el texto m\u00e1s grande<br \/>Chrome: Controla la p\u00e1gina actual &gt; Tama\u00f1o del texto<br \/>Para modificar el tama\u00f1o de la p\u00e1gina completa:<\/p>\n<p>Ctrl + + para aumentarlo<br \/>Ctrl + &#8211; para disminuirlo<br \/>Ctrl + 0 para restaurar el tama\u00f1o original del texto<\/p>\t\t\t\t\t\t\t\t<\/div>\n\t\t\t\t<\/div>\n\t\t\t\t\t<\/div>\n\t\t<\/div>\n\t\t\t\t\t<\/div>\n\t\t<\/section>\n\t\t\t\t<section data-particle_enable=\"false\" data-particle-mobile-disabled=\"false\" class=\"elementor-section elementor-top-section elementor-element elementor-element-c880d34 elementor-section-stretched elementor-section-boxed elementor-section-height-default elementor-section-height-default\" data-id=\"c880d34\" data-element_type=\"section\" data-e-type=\"section\" data-settings=\"{&quot;stretch_section&quot;:&quot;section-stretched&quot;}\">\n\t\t\t\t\t\t<div class=\"elementor-container elementor-column-gap-default\">\n\t\t\t\t\t<div class=\"elementor-column elementor-col-33 elementor-top-column elementor-element elementor-element-f45b790\" data-id=\"f45b790\" data-element_type=\"column\" data-e-type=\"column\">\n\t\t\t<div class=\"elementor-widget-wrap elementor-element-populated\">\n\t\t\t\t\t\t<div class=\"elementor-element elementor-element-2f7873a elementor-widget elementor-widget-image\" data-id=\"2f7873a\" data-element_type=\"widget\" data-e-type=\"widget\" data-widget_type=\"image.default\">\n\t\t\t\t<div class=\"elementor-widget-container\">\n\t\t\t\t\t\t\t\t\t\t\t\t\t\t\t<img decoding=\"async\" width=\"88\" height=\"31\" src=\"https:\/\/psicologoalejandrotolosa.com\/wp-content\/uploads\/2023\/03\/wcag1A.gif\" class=\"attachment-large size-large wp-image-622\" alt=\"wcag1A\" \/>\t\t\t\t\t\t\t\t\t\t\t\t\t\t\t<\/div>\n\t\t\t\t<\/div>\n\t\t\t\t\t<\/div>\n\t\t<\/div>\n\t\t\t\t<div class=\"elementor-column elementor-col-33 elementor-top-column elementor-element elementor-element-fe61fcf\" data-id=\"fe61fcf\" data-element_type=\"column\" data-e-type=\"column\">\n\t\t\t<div class=\"elementor-widget-wrap elementor-element-populated\">\n\t\t\t\t\t\t<div class=\"elementor-element elementor-element-ced972c elementor-widget elementor-widget-image\" data-id=\"ced972c\" data-element_type=\"widget\" data-e-type=\"widget\" data-widget_type=\"image.default\">\n\t\t\t\t<div class=\"elementor-widget-container\">\n\t\t\t\t\t\t\t\t\t\t\t\t\t\t\t<img decoding=\"async\" width=\"88\" height=\"31\" src=\"https:\/\/psicologoalejandrotolosa.com\/wp-content\/uploads\/2023\/03\/valid-html5.gif\" class=\"attachment-large size-large wp-image-621\" alt=\"valid html5\" \/>\t\t\t\t\t\t\t\t\t\t\t\t\t\t\t<\/div>\n\t\t\t\t<\/div>\n\t\t\t\t\t<\/div>\n\t\t<\/div>\n\t\t\t\t<div class=\"elementor-column elementor-col-33 elementor-top-column elementor-element elementor-element-62c870d\" data-id=\"62c870d\" data-element_type=\"column\" data-e-type=\"column\">\n\t\t\t<div class=\"elementor-widget-wrap elementor-element-populated\">\n\t\t\t\t\t\t<div class=\"elementor-element elementor-element-cb587d7 elementor-widget elementor-widget-image\" data-id=\"cb587d7\" data-element_type=\"widget\" data-e-type=\"widget\" data-widget_type=\"image.default\">\n\t\t\t\t<div class=\"elementor-widget-container\">\n\t\t\t\t\t\t\t\t\t\t\t\t\t\t\t<img decoding=\"async\" width=\"88\" height=\"31\" src=\"https:\/\/psicologoalejandrotolosa.com\/wp-content\/uploads\/2023\/03\/logo_css.gif\" class=\"attachment-large size-large wp-image-620\" alt=\"logo css\" \/>\t\t\t\t\t\t\t\t\t\t\t\t\t\t\t<\/div>\n\t\t\t\t<\/div>\n\t\t\t\t\t<\/div>\n\t\t<\/div>\n\t\t\t\t\t<\/div>\n\t\t<\/section>\n\t\t\t\t<\/div>","protected":false},"excerpt":{"rendered":"<p>Accesibilidad Compromiso Legal con la Accesibilidad se compromete formalmente a gestionar la accesibilidad de acuerdo con las disposiciones del Real Decreto 1112\/2018, de 7 de septiembre, sobre la accesibilidad de los sitios web. Evaluaci\u00f3n de Conformidad: Este sitio web se declara parcialmente conforme con el RD 1112\/2018. Se ha trabajado para garantizar la total accesibilidad &#8230; <a title=\"accesibilidad\" class=\"read-more\" href=\"https:\/\/psicologoalejandrotolosa.com\/en\/accesibilidad\/\" aria-label=\"Read more about accesibilidad\">Leer m\u00e1s<\/a><\/p>","protected":false},"author":2,"featured_media":0,"parent":0,"menu_order":0,"comment_status":"closed","ping_status":"closed","template":"","meta":{"footnotes":""},"class_list":["post-553","page","type-page","status-publish"],"yoast_head":"<!-- This site is optimized with the Yoast SEO plugin v27.4 - https:\/\/yoast.com\/product\/yoast-seo-wordpress\/ -->\n<title>accesibilidad - Alejandro Tolosa<\/title>\n<meta name=\"robots\" content=\"index, follow, max-snippet:-1, max-image-preview:large, max-video-preview:-1\" \/>\n<link rel=\"canonical\" href=\"https:\/\/psicologoalejandrotolosa.com\/en\/accesibilidad\/\" \/>\n<meta property=\"og:locale\" content=\"en_GB\" \/>\n<meta property=\"og:type\" content=\"article\" \/>\n<meta property=\"og:title\" content=\"accesibilidad - Alejandro Tolosa\" \/>\n<meta property=\"og:description\" content=\"Accesibilidad Compromiso Legal con la Accesibilidad se compromete formalmente a gestionar la accesibilidad de acuerdo con las disposiciones del Real Decreto 1112\/2018, de 7 de septiembre, sobre la accesibilidad de los sitios web. Evaluaci\u00f3n de Conformidad: Este sitio web se declara parcialmente conforme con el RD 1112\/2018. Se ha trabajado para garantizar la total accesibilidad ... Leer m\u00e1s\" \/>\n<meta property=\"og:url\" content=\"https:\/\/psicologoalejandrotolosa.com\/en\/accesibilidad\/\" \/>\n<meta property=\"og:site_name\" content=\"Alejandro Tolosa\" \/>\n<meta property=\"article:modified_time\" content=\"2024-02-11T22:11:55+00:00\" \/>\n<meta property=\"og:image\" content=\"https:\/\/psicologoalejandrotolosa.com\/wp-content\/uploads\/2023\/03\/wcag1A.gif\" \/>\n<meta name=\"twitter:card\" content=\"summary_large_image\" \/>\n<meta name=\"twitter:label1\" content=\"Estimated reading time\" \/>\n\t<meta name=\"twitter:data1\" content=\"3 minutes\" \/>\n<script type=\"application\/ld+json\" class=\"yoast-schema-graph\">{\"@context\":\"https:\\\/\\\/schema.org\",\"@graph\":[{\"@type\":\"WebPage\",\"@id\":\"https:\\\/\\\/psicologoalejandrotolosa.com\\\/accesibilidad\\\/\",\"url\":\"https:\\\/\\\/psicologoalejandrotolosa.com\\\/accesibilidad\\\/\",\"name\":\"accesibilidad - Alejandro Tolosa\",\"isPartOf\":{\"@id\":\"https:\\\/\\\/psicologoalejandrotolosa.com\\\/#website\"},\"primaryImageOfPage\":{\"@id\":\"https:\\\/\\\/psicologoalejandrotolosa.com\\\/accesibilidad\\\/#primaryimage\"},\"image\":{\"@id\":\"https:\\\/\\\/psicologoalejandrotolosa.com\\\/accesibilidad\\\/#primaryimage\"},\"thumbnailUrl\":\"https:\\\/\\\/psicologoalejandrotolosa.com\\\/wp-content\\\/uploads\\\/2023\\\/03\\\/wcag1A.gif\",\"datePublished\":\"2024-02-11T18:58:50+00:00\",\"dateModified\":\"2024-02-11T22:11:55+00:00\",\"breadcrumb\":{\"@id\":\"https:\\\/\\\/psicologoalejandrotolosa.com\\\/accesibilidad\\\/#breadcrumb\"},\"inLanguage\":\"en-GB\",\"potentialAction\":[{\"@type\":\"ReadAction\",\"target\":[\"https:\\\/\\\/psicologoalejandrotolosa.com\\\/accesibilidad\\\/\"]}]},{\"@type\":\"ImageObject\",\"inLanguage\":\"en-GB\",\"@id\":\"https:\\\/\\\/psicologoalejandrotolosa.com\\\/accesibilidad\\\/#primaryimage\",\"url\":\"https:\\\/\\\/psicologoalejandrotolosa.com\\\/wp-content\\\/uploads\\\/2023\\\/03\\\/wcag1A.gif\",\"contentUrl\":\"https:\\\/\\\/psicologoalejandrotolosa.com\\\/wp-content\\\/uploads\\\/2023\\\/03\\\/wcag1A.gif\"},{\"@type\":\"BreadcrumbList\",\"@id\":\"https:\\\/\\\/psicologoalejandrotolosa.com\\\/accesibilidad\\\/#breadcrumb\",\"itemListElement\":[{\"@type\":\"ListItem\",\"position\":1,\"name\":\"Portada\",\"item\":\"https:\\\/\\\/psicologoalejandrotolosa.com\\\/\"},{\"@type\":\"ListItem\",\"position\":2,\"name\":\"accesibilidad\"}]},{\"@type\":\"WebSite\",\"@id\":\"https:\\\/\\\/psicologoalejandrotolosa.com\\\/#website\",\"url\":\"https:\\\/\\\/psicologoalejandrotolosa.com\\\/\",\"name\":\"Alejandro Tolosa\",\"description\":\"\",\"publisher\":{\"@id\":\"https:\\\/\\\/psicologoalejandrotolosa.com\\\/#organization\"},\"potentialAction\":[{\"@type\":\"SearchAction\",\"target\":{\"@type\":\"EntryPoint\",\"urlTemplate\":\"https:\\\/\\\/psicologoalejandrotolosa.com\\\/?s={search_term_string}\"},\"query-input\":{\"@type\":\"PropertyValueSpecification\",\"valueRequired\":true,\"valueName\":\"search_term_string\"}}],\"inLanguage\":\"en-GB\"},{\"@type\":\"Organization\",\"@id\":\"https:\\\/\\\/psicologoalejandrotolosa.com\\\/#organization\",\"name\":\"Alejandro Tolosa\",\"url\":\"https:\\\/\\\/psicologoalejandrotolosa.com\\\/\",\"logo\":{\"@type\":\"ImageObject\",\"inLanguage\":\"en-GB\",\"@id\":\"https:\\\/\\\/psicologoalejandrotolosa.com\\\/#\\\/schema\\\/logo\\\/image\\\/\",\"url\":\"https:\\\/\\\/psicologoalejandrotolosa.com\\\/wp-content\\\/uploads\\\/2024\\\/03\\\/cropped-Diseno-sin-titulo-70.png\",\"contentUrl\":\"https:\\\/\\\/psicologoalejandrotolosa.com\\\/wp-content\\\/uploads\\\/2024\\\/03\\\/cropped-Diseno-sin-titulo-70.png\",\"width\":500,\"height\":472,\"caption\":\"Alejandro Tolosa\"},\"image\":{\"@id\":\"https:\\\/\\\/psicologoalejandrotolosa.com\\\/#\\\/schema\\\/logo\\\/image\\\/\"}}]}<\/script>\n<!-- \/ Yoast SEO plugin. -->","yoast_head_json":{"title":"accesibilidad - Alejandro Tolosa","robots":{"index":"index","follow":"follow","max-snippet":"max-snippet:-1","max-image-preview":"max-image-preview:large","max-video-preview":"max-video-preview:-1"},"canonical":"https:\/\/psicologoalejandrotolosa.com\/en\/accesibilidad\/","og_locale":"en_GB","og_type":"article","og_title":"accesibilidad - Alejandro Tolosa","og_description":"Accesibilidad Compromiso Legal con la Accesibilidad se compromete formalmente a gestionar la accesibilidad de acuerdo con las disposiciones del Real Decreto 1112\/2018, de 7 de septiembre, sobre la accesibilidad de los sitios web. Evaluaci\u00f3n de Conformidad: Este sitio web se declara parcialmente conforme con el RD 1112\/2018. Se ha trabajado para garantizar la total accesibilidad ... Leer m\u00e1s","og_url":"https:\/\/psicologoalejandrotolosa.com\/en\/accesibilidad\/","og_site_name":"Alejandro Tolosa","article_modified_time":"2024-02-11T22:11:55+00:00","og_image":[{"url":"https:\/\/psicologoalejandrotolosa.com\/wp-content\/uploads\/2023\/03\/wcag1A.gif","type":"","width":"","height":""}],"twitter_card":"summary_large_image","twitter_misc":{"Estimated reading time":"3 minutes"},"schema":{"@context":"https:\/\/schema.org","@graph":[{"@type":"WebPage","@id":"https:\/\/psicologoalejandrotolosa.com\/accesibilidad\/","url":"https:\/\/psicologoalejandrotolosa.com\/accesibilidad\/","name":"accesibilidad - Alejandro Tolosa","isPartOf":{"@id":"https:\/\/psicologoalejandrotolosa.com\/#website"},"primaryImageOfPage":{"@id":"https:\/\/psicologoalejandrotolosa.com\/accesibilidad\/#primaryimage"},"image":{"@id":"https:\/\/psicologoalejandrotolosa.com\/accesibilidad\/#primaryimage"},"thumbnailUrl":"https:\/\/psicologoalejandrotolosa.com\/wp-content\/uploads\/2023\/03\/wcag1A.gif","datePublished":"2024-02-11T18:58:50+00:00","dateModified":"2024-02-11T22:11:55+00:00","breadcrumb":{"@id":"https:\/\/psicologoalejandrotolosa.com\/accesibilidad\/#breadcrumb"},"inLanguage":"en-GB","potentialAction":[{"@type":"ReadAction","target":["https:\/\/psicologoalejandrotolosa.com\/accesibilidad\/"]}]},{"@type":"ImageObject","inLanguage":"en-GB","@id":"https:\/\/psicologoalejandrotolosa.com\/accesibilidad\/#primaryimage","url":"https:\/\/psicologoalejandrotolosa.com\/wp-content\/uploads\/2023\/03\/wcag1A.gif","contentUrl":"https:\/\/psicologoalejandrotolosa.com\/wp-content\/uploads\/2023\/03\/wcag1A.gif"},{"@type":"BreadcrumbList","@id":"https:\/\/psicologoalejandrotolosa.com\/accesibilidad\/#breadcrumb","itemListElement":[{"@type":"ListItem","position":1,"name":"Portada","item":"https:\/\/psicologoalejandrotolosa.com\/"},{"@type":"ListItem","position":2,"name":"accesibilidad"}]},{"@type":"WebSite","@id":"https:\/\/psicologoalejandrotolosa.com\/#website","url":"https:\/\/psicologoalejandrotolosa.com\/","name":"Alejandro Tolosa","description":"","publisher":{"@id":"https:\/\/psicologoalejandrotolosa.com\/#organization"},"potentialAction":[{"@type":"SearchAction","target":{"@type":"EntryPoint","urlTemplate":"https:\/\/psicologoalejandrotolosa.com\/?s={search_term_string}"},"query-input":{"@type":"PropertyValueSpecification","valueRequired":true,"valueName":"search_term_string"}}],"inLanguage":"en-GB"},{"@type":"Organization","@id":"https:\/\/psicologoalejandrotolosa.com\/#organization","name":"Alejandro Tolosa","url":"https:\/\/psicologoalejandrotolosa.com\/","logo":{"@type":"ImageObject","inLanguage":"en-GB","@id":"https:\/\/psicologoalejandrotolosa.com\/#\/schema\/logo\/image\/","url":"https:\/\/psicologoalejandrotolosa.com\/wp-content\/uploads\/2024\/03\/cropped-Diseno-sin-titulo-70.png","contentUrl":"https:\/\/psicologoalejandrotolosa.com\/wp-content\/uploads\/2024\/03\/cropped-Diseno-sin-titulo-70.png","width":500,"height":472,"caption":"Alejandro Tolosa"},"image":{"@id":"https:\/\/psicologoalejandrotolosa.com\/#\/schema\/logo\/image\/"}}]}},"_links":{"self":[{"href":"https:\/\/psicologoalejandrotolosa.com\/en\/wp-json\/wp\/v2\/pages\/553","targetHints":{"allow":["GET"]}}],"collection":[{"href":"https:\/\/psicologoalejandrotolosa.com\/en\/wp-json\/wp\/v2\/pages"}],"about":[{"href":"https:\/\/psicologoalejandrotolosa.com\/en\/wp-json\/wp\/v2\/types\/page"}],"author":[{"embeddable":true,"href":"https:\/\/psicologoalejandrotolosa.com\/en\/wp-json\/wp\/v2\/users\/2"}],"replies":[{"embeddable":true,"href":"https:\/\/psicologoalejandrotolosa.com\/en\/wp-json\/wp\/v2\/comments?post=553"}],"version-history":[{"count":17,"href":"https:\/\/psicologoalejandrotolosa.com\/en\/wp-json\/wp\/v2\/pages\/553\/revisions"}],"predecessor-version":[{"id":663,"href":"https:\/\/psicologoalejandrotolosa.com\/en\/wp-json\/wp\/v2\/pages\/553\/revisions\/663"}],"wp:attachment":[{"href":"https:\/\/psicologoalejandrotolosa.com\/en\/wp-json\/wp\/v2\/media?parent=553"}],"curies":[{"name":"wp","href":"https:\/\/api.w.org\/{rel}","templated":true}]}}