{"id":647,"date":"2024-02-11T21:58:46","date_gmt":"2024-02-11T21:58:46","guid":{"rendered":"https:\/\/psicologoalejandrotolosa.com\/?page_id=647"},"modified":"2024-02-11T22:35:21","modified_gmt":"2024-02-11T22:35:21","slug":"aviso-legal","status":"publish","type":"page","link":"https:\/\/psicologoalejandrotolosa.com\/en\/aviso-legal\/","title":{"rendered":"aviso-legal"},"content":{"rendered":"<div data-elementor-type=\"wp-page\" data-elementor-id=\"647\" class=\"elementor elementor-647\" data-elementor-post-type=\"page\">\n\t\t\t\t\t\t<section data-particle_enable=\"false\" data-particle-mobile-disabled=\"false\" class=\"elementor-section elementor-top-section elementor-element elementor-element-05df46d elementor-section-stretched elementor-section-boxed elementor-section-height-default elementor-section-height-default\" data-id=\"05df46d\" data-element_type=\"section\" data-e-type=\"section\" data-settings=\"{&quot;stretch_section&quot;:&quot;section-stretched&quot;}\">\n\t\t\t\t\t\t<div class=\"elementor-container elementor-column-gap-default\">\n\t\t\t\t\t<div class=\"elementor-column elementor-col-100 elementor-top-column elementor-element elementor-element-47f1c80\" data-id=\"47f1c80\" data-element_type=\"column\" data-e-type=\"column\">\n\t\t\t<div class=\"elementor-widget-wrap elementor-element-populated\">\n\t\t\t\t\t\t<div class=\"elementor-element elementor-element-00ef048 elementor-widget elementor-widget-heading\" data-id=\"00ef048\" data-element_type=\"widget\" data-e-type=\"widget\" data-widget_type=\"heading.default\">\n\t\t\t\t<div class=\"elementor-widget-container\">\n\t\t\t\t\t<h1 class=\"elementor-heading-title elementor-size-default\">Aviso legal<\/h1>\t\t\t\t<\/div>\n\t\t\t\t<\/div>\n\t\t\t\t<div class=\"elementor-element elementor-element-beb3d3f elementor-widget elementor-widget-text-editor\" data-id=\"beb3d3f\" data-element_type=\"widget\" data-e-type=\"widget\" data-widget_type=\"text-editor.default\">\n\t\t\t\t<div class=\"elementor-widget-container\">\n\t\t\t\t\t\t\t\t\t<p>Psic\u00f3logo Alejandro Tolosa desde ahora <strong>la Empresa.<\/strong><\/p>\n<p>En cumplimiento con el deber de informaci\u00f3n recogido en el art\u00edculo 10 de la Ley 34\/2002, de 11 de julio, de Servicios de la Sociedad de la Informaci\u00f3n y del Comercio Electr\u00f3nico, a continuaci\u00f3n se indican los datos de informaci\u00f3n general de este sitio Web se exponen los datos fiscales de la empresa, siendo responsable de la explotaci\u00f3n <strong>la Empresa<\/strong>.<\/p>\n<p><span style=\"text-decoration: underline;\"><strong>Financiaci\u00f3n:<\/strong><\/span><\/p>\n<p>Esta p\u00e1gina web ha sido financiada por la Uni\u00f3n Europea \u2013 NextGenerationEU con los fondos para el Plan de Recuperaci\u00f3n, Transformaci\u00f3n y Resiliencia a trav\u00e9s del Kit Digital.<\/p>\n<p><strong><u>Objeto del Aviso Legal:<\/u><\/strong><\/p>\n<p>El Aviso Legal regula las condiciones, el acceso y la utilizaci\u00f3n del sitio Web, sus contenidos y servicios, de pago o gratuitos, puestos a disposici\u00f3n de los Usuarios; y la pol\u00edtica de reservas de&nbsp;<strong>La Empresa<\/strong>&nbsp;con sus Clientes.<\/p>\n<p><strong><u>Protecci\u00f3n de datos:<\/u><\/strong><\/p>\n<p>De conformidad con lo dispuesto en el Art. 5 y 6 de la Ley Org\u00e1nica 15\/1999 de Protecci\u00f3n de Datos de Car\u00e1cter Personal, as\u00ed como en los art\u00edculos 12, 14 y 18 del R.D. 1720\/2007 de 21 de diciembre, le informamos que los datos suministrados pasar\u00e1n a formar parte del fichero de&nbsp;<strong>La Empresa<\/strong>, inscrito en la Agencia Espa\u00f1ola de Protecci\u00f3n de Datos (AEPD) con el c\u00f3digo (n\u00famero de identificaci\u00f3n Protecci\u00f3n de Datos), autorizando expresamente que los mismos sean objeto de tratamiento para atender su solicitud, consulta y\/o reserva. As\u00ed mismo, queda informado de la posibilidad de ejercer sus derechos de acceso, rectificaci\u00f3n, cancelaci\u00f3n y oposici\u00f3n (previstos en los art\u00edculos 15, 16 y 17 de la LOPD, as\u00ed como en los art\u00edculos 23 a 36 ambos inclusive del R.D. 1720\/2007 de 21 de diciembre) por medio de comunicaci\u00f3n a la siguiente direcci\u00f3n de correo electr\u00f3nico (e-mail). Tambi\u00e9n mediante carta dirigida a la direcci\u00f3n arriba indicada.<\/p>\n<p><strong><u>Propiedad intelectual:<\/u><\/strong><\/p>\n<p>La informaci\u00f3n y los contenidos que se recogen en el presente sitio Web, as\u00ed como el c\u00f3digo fuente, los dise\u00f1os gr\u00e1ficos, las im\u00e1genes, las fotograf\u00edas, el software y los textos, est\u00e1n protegidos por la legislaci\u00f3n espa\u00f1ola sobre los derechos de propiedad intelectual e industrial a favor de&nbsp;<strong>La Empresa<\/strong>&nbsp;y no se permite la reproducci\u00f3n y\/o publicaci\u00f3n, total o parcial, del sitio Web, ni su tratamiento inform\u00e1tico, su distribuci\u00f3n, su difusi\u00f3n, su modificaci\u00f3n, su transformaci\u00f3n ni dem\u00e1s derechos reconocidos legalmente a su titular, sin el permiso previo y por escrito del mismo. Todos los derechos derivados de la propiedad intelectual est\u00e1n expresamente reservados por&nbsp;<strong>La Empresa<\/strong>. El Usuario, \u00fanica y exclusivamente, puede utilizar el material que aparezca en este sitio web para su uso personal y privado, quedando prohibido su uso con fines comerciales o para incurrir en actividades il\u00edcitas.<\/p>\n<p><strong><u>Exclusi\u00f3n de garant\u00edas y responsabilidad:<\/u><\/strong><\/p>\n<p><strong>La Empresa<\/strong>&nbsp;no se hace responsable, en ning\u00fan caso, de los da\u00f1os y perjuicios de cualquier naturaleza que pudieran ocasionar, a t\u00edtulo enunciativo: errores u omisiones en los contenidos, falta de disponibilidad del portal o la transmisi\u00f3n de virus o programas maliciosos o lesivos en los contenidos, a pesar de haber adoptado todas las medidas tecnol\u00f3gicas necesarias para evitarlo.<\/p>\n<p><strong><u>Modificaciones:<\/u><\/strong><\/p>\n<p><strong>La Empresa<\/strong>&nbsp;se reserva el derecho de efectuar sin previo aviso las modificaciones que considere oportunas en su sitio Web, pudiendo cambiar, suprimir o a\u00f1adir tanto los contenidos y servicios que se presten a trav\u00e9s de la misma como la forma en la que \u00e9stos aparezcan presentados o localizados en su sitio Web.<\/p>\n<p><strong><u>V\u00ednculos a Terceros:<\/u><\/strong><\/p>\n<p>En el caso de v\u00ednculos a sitios webs de terceros, el Usuario pasar\u00e1 a estar regido por los T\u00e9rminos de Uso y Pol\u00edtica de Privacidad del nuevo sitio.&nbsp;<strong>La Empresa<\/strong>&nbsp;no ser\u00e1 responsable ni tendr\u00e1 obligaci\u00f3n legal por el uso de tales sitios.<\/p>\n<p><strong><u>Generalidades:<\/u><\/strong><\/p>\n<p><strong>La Empresa<\/strong>&nbsp;no realizar\u00e1 publicidad enga\u00f1osa a trav\u00e9s de su sitio Web. A estos efectos, por lo tanto, no ser\u00e1n considerados como publicidad enga\u00f1osa los errores formales o num\u00e9ricos que puedan encontrarse a lo largo del contenido de las distintas secciones del sitio web producidos como consecuencia de un mantenimiento y\/o actualizaci\u00f3n incompleta o defectuosa de la informaci\u00f3n contenida es estas secciones.&nbsp;<strong>La Empresa<\/strong>, como consecuencia de lo dispuesto en este apartado, se compromete a corregirlo tan pronto como tenga conocimiento de dichos errores.&nbsp;<strong>La Empresa<\/strong>&nbsp;no se hace responsable del incumplimiento de cualquier norma aplicable en que pueda incurrir el Usuario en su acceso al sitio Web y\/o en el uso de las informaciones contenidas en el mismo.<\/p>\n<p><strong><u>Servicios de Reserva on-line:<\/u><\/strong><\/p>\n<p>El servicio de reserva on-line tiene por finalidad la posibilidad de reservar habitaciones en las fechas deseadas en&nbsp;<strong>La Empresa<\/strong>. La utilizaci\u00f3n de este servicio conlleva la aceptaci\u00f3n de estas condiciones generales y la de todos los t\u00e9rminos y condiciones recogidos por&nbsp;<strong>La Empresa<\/strong>.<\/p>\n<p><strong><u>Legislaci\u00f3n aplicable y Jurisdicci\u00f3n:<\/u><\/strong><\/p>\n<p>Las partes, con renuncia a su fuero propio, si ello fuera posible, se someten a los Juzgados y Tribunales de la provincia de&nbsp;<strong>La Empresa<\/strong>. La Ley aplicable ser\u00e1 la espa\u00f1ola.<\/p>\n<p><span style=\"color: var( --e-global-color-text ); font-family: var( --e-global-typography-text-font-family ), Sans-serif; font-weight: var( --e-global-typography-text-font-weight ); background-color: var(--base-3);\">\u00daltima modificaci\u00f3n: febrero de 2024<\/span><\/p>\t\t\t\t\t\t\t\t<\/div>\n\t\t\t\t<\/div>\n\t\t\t\t\t<\/div>\n\t\t<\/div>\n\t\t\t\t\t<\/div>\n\t\t<\/section>\n\t\t\t\t<\/div>","protected":false},"excerpt":{"rendered":"<p>Aviso legal Psic\u00f3logo Alejandro Tolosa desde ahora la Empresa. En cumplimiento con el deber de informaci\u00f3n recogido en el art\u00edculo 10 de la Ley 34\/2002, de 11 de julio, de Servicios de la Sociedad de la Informaci\u00f3n y del Comercio Electr\u00f3nico, a continuaci\u00f3n se indican los datos de informaci\u00f3n general de este sitio Web se &#8230; <a title=\"aviso-legal\" class=\"read-more\" href=\"https:\/\/psicologoalejandrotolosa.com\/en\/aviso-legal\/\" aria-label=\"Read more about aviso-legal\">Leer m\u00e1s<\/a><\/p>","protected":false},"author":2,"featured_media":0,"parent":0,"menu_order":0,"comment_status":"closed","ping_status":"closed","template":"","meta":{"footnotes":""},"class_list":["post-647","page","type-page","status-publish"],"yoast_head":"<!-- This site is optimized with the Yoast SEO plugin v27.4 - https:\/\/yoast.com\/product\/yoast-seo-wordpress\/ -->\n<title>aviso-legal - Alejandro Tolosa<\/title>\n<meta name=\"robots\" content=\"index, follow, max-snippet:-1, max-image-preview:large, max-video-preview:-1\" \/>\n<link rel=\"canonical\" href=\"https:\/\/psicologoalejandrotolosa.com\/en\/aviso-legal\/\" \/>\n<meta property=\"og:locale\" content=\"en_GB\" \/>\n<meta property=\"og:type\" content=\"article\" \/>\n<meta property=\"og:title\" content=\"aviso-legal - Alejandro Tolosa\" \/>\n<meta property=\"og:description\" content=\"Aviso legal Psic\u00f3logo Alejandro Tolosa desde ahora la Empresa. En cumplimiento con el deber de informaci\u00f3n recogido en el art\u00edculo 10 de la Ley 34\/2002, de 11 de julio, de Servicios de la Sociedad de la Informaci\u00f3n y del Comercio Electr\u00f3nico, a continuaci\u00f3n se indican los datos de informaci\u00f3n general de este sitio Web se ... Leer m\u00e1s\" \/>\n<meta property=\"og:url\" content=\"https:\/\/psicologoalejandrotolosa.com\/en\/aviso-legal\/\" \/>\n<meta property=\"og:site_name\" content=\"Alejandro Tolosa\" \/>\n<meta property=\"article:modified_time\" content=\"2024-02-11T22:35:21+00:00\" \/>\n<meta name=\"twitter:card\" content=\"summary_large_image\" \/>\n<meta name=\"twitter:label1\" content=\"Estimated reading time\" \/>\n\t<meta name=\"twitter:data1\" content=\"4 minutes\" \/>\n<script type=\"application\/ld+json\" class=\"yoast-schema-graph\">{\"@context\":\"https:\\\/\\\/schema.org\",\"@graph\":[{\"@type\":\"WebPage\",\"@id\":\"https:\\\/\\\/psicologoalejandrotolosa.com\\\/aviso-legal\\\/\",\"url\":\"https:\\\/\\\/psicologoalejandrotolosa.com\\\/aviso-legal\\\/\",\"name\":\"aviso-legal - Alejandro Tolosa\",\"isPartOf\":{\"@id\":\"https:\\\/\\\/psicologoalejandrotolosa.com\\\/#website\"},\"datePublished\":\"2024-02-11T21:58:46+00:00\",\"dateModified\":\"2024-02-11T22:35:21+00:00\",\"breadcrumb\":{\"@id\":\"https:\\\/\\\/psicologoalejandrotolosa.com\\\/aviso-legal\\\/#breadcrumb\"},\"inLanguage\":\"en-GB\",\"potentialAction\":[{\"@type\":\"ReadAction\",\"target\":[\"https:\\\/\\\/psicologoalejandrotolosa.com\\\/aviso-legal\\\/\"]}]},{\"@type\":\"BreadcrumbList\",\"@id\":\"https:\\\/\\\/psicologoalejandrotolosa.com\\\/aviso-legal\\\/#breadcrumb\",\"itemListElement\":[{\"@type\":\"ListItem\",\"position\":1,\"name\":\"Portada\",\"item\":\"https:\\\/\\\/psicologoalejandrotolosa.com\\\/\"},{\"@type\":\"ListItem\",\"position\":2,\"name\":\"aviso-legal\"}]},{\"@type\":\"WebSite\",\"@id\":\"https:\\\/\\\/psicologoalejandrotolosa.com\\\/#website\",\"url\":\"https:\\\/\\\/psicologoalejandrotolosa.com\\\/\",\"name\":\"Alejandro Tolosa\",\"description\":\"\",\"publisher\":{\"@id\":\"https:\\\/\\\/psicologoalejandrotolosa.com\\\/#organization\"},\"potentialAction\":[{\"@type\":\"SearchAction\",\"target\":{\"@type\":\"EntryPoint\",\"urlTemplate\":\"https:\\\/\\\/psicologoalejandrotolosa.com\\\/?s={search_term_string}\"},\"query-input\":{\"@type\":\"PropertyValueSpecification\",\"valueRequired\":true,\"valueName\":\"search_term_string\"}}],\"inLanguage\":\"en-GB\"},{\"@type\":\"Organization\",\"@id\":\"https:\\\/\\\/psicologoalejandrotolosa.com\\\/#organization\",\"name\":\"Alejandro Tolosa\",\"url\":\"https:\\\/\\\/psicologoalejandrotolosa.com\\\/\",\"logo\":{\"@type\":\"ImageObject\",\"inLanguage\":\"en-GB\",\"@id\":\"https:\\\/\\\/psicologoalejandrotolosa.com\\\/#\\\/schema\\\/logo\\\/image\\\/\",\"url\":\"https:\\\/\\\/psicologoalejandrotolosa.com\\\/wp-content\\\/uploads\\\/2024\\\/03\\\/cropped-Diseno-sin-titulo-70.png\",\"contentUrl\":\"https:\\\/\\\/psicologoalejandrotolosa.com\\\/wp-content\\\/uploads\\\/2024\\\/03\\\/cropped-Diseno-sin-titulo-70.png\",\"width\":500,\"height\":472,\"caption\":\"Alejandro Tolosa\"},\"image\":{\"@id\":\"https:\\\/\\\/psicologoalejandrotolosa.com\\\/#\\\/schema\\\/logo\\\/image\\\/\"}}]}<\/script>\n<!-- \/ Yoast SEO plugin. -->","yoast_head_json":{"title":"aviso-legal - Alejandro Tolosa","robots":{"index":"index","follow":"follow","max-snippet":"max-snippet:-1","max-image-preview":"max-image-preview:large","max-video-preview":"max-video-preview:-1"},"canonical":"https:\/\/psicologoalejandrotolosa.com\/en\/aviso-legal\/","og_locale":"en_GB","og_type":"article","og_title":"aviso-legal - Alejandro Tolosa","og_description":"Aviso legal Psic\u00f3logo Alejandro Tolosa desde ahora la Empresa. En cumplimiento con el deber de informaci\u00f3n recogido en el art\u00edculo 10 de la Ley 34\/2002, de 11 de julio, de Servicios de la Sociedad de la Informaci\u00f3n y del Comercio Electr\u00f3nico, a continuaci\u00f3n se indican los datos de informaci\u00f3n general de este sitio Web se ... Leer m\u00e1s","og_url":"https:\/\/psicologoalejandrotolosa.com\/en\/aviso-legal\/","og_site_name":"Alejandro Tolosa","article_modified_time":"2024-02-11T22:35:21+00:00","twitter_card":"summary_large_image","twitter_misc":{"Estimated reading time":"4 minutes"},"schema":{"@context":"https:\/\/schema.org","@graph":[{"@type":"WebPage","@id":"https:\/\/psicologoalejandrotolosa.com\/aviso-legal\/","url":"https:\/\/psicologoalejandrotolosa.com\/aviso-legal\/","name":"aviso-legal - Alejandro Tolosa","isPartOf":{"@id":"https:\/\/psicologoalejandrotolosa.com\/#website"},"datePublished":"2024-02-11T21:58:46+00:00","dateModified":"2024-02-11T22:35:21+00:00","breadcrumb":{"@id":"https:\/\/psicologoalejandrotolosa.com\/aviso-legal\/#breadcrumb"},"inLanguage":"en-GB","potentialAction":[{"@type":"ReadAction","target":["https:\/\/psicologoalejandrotolosa.com\/aviso-legal\/"]}]},{"@type":"BreadcrumbList","@id":"https:\/\/psicologoalejandrotolosa.com\/aviso-legal\/#breadcrumb","itemListElement":[{"@type":"ListItem","position":1,"name":"Portada","item":"https:\/\/psicologoalejandrotolosa.com\/"},{"@type":"ListItem","position":2,"name":"aviso-legal"}]},{"@type":"WebSite","@id":"https:\/\/psicologoalejandrotolosa.com\/#website","url":"https:\/\/psicologoalejandrotolosa.com\/","name":"Alejandro Tolosa","description":"","publisher":{"@id":"https:\/\/psicologoalejandrotolosa.com\/#organization"},"potentialAction":[{"@type":"SearchAction","target":{"@type":"EntryPoint","urlTemplate":"https:\/\/psicologoalejandrotolosa.com\/?s={search_term_string}"},"query-input":{"@type":"PropertyValueSpecification","valueRequired":true,"valueName":"search_term_string"}}],"inLanguage":"en-GB"},{"@type":"Organization","@id":"https:\/\/psicologoalejandrotolosa.com\/#organization","name":"Alejandro Tolosa","url":"https:\/\/psicologoalejandrotolosa.com\/","logo":{"@type":"ImageObject","inLanguage":"en-GB","@id":"https:\/\/psicologoalejandrotolosa.com\/#\/schema\/logo\/image\/","url":"https:\/\/psicologoalejandrotolosa.com\/wp-content\/uploads\/2024\/03\/cropped-Diseno-sin-titulo-70.png","contentUrl":"https:\/\/psicologoalejandrotolosa.com\/wp-content\/uploads\/2024\/03\/cropped-Diseno-sin-titulo-70.png","width":500,"height":472,"caption":"Alejandro Tolosa"},"image":{"@id":"https:\/\/psicologoalejandrotolosa.com\/#\/schema\/logo\/image\/"}}]}},"_links":{"self":[{"href":"https:\/\/psicologoalejandrotolosa.com\/en\/wp-json\/wp\/v2\/pages\/647","targetHints":{"allow":["GET"]}}],"collection":[{"href":"https:\/\/psicologoalejandrotolosa.com\/en\/wp-json\/wp\/v2\/pages"}],"about":[{"href":"https:\/\/psicologoalejandrotolosa.com\/en\/wp-json\/wp\/v2\/types\/page"}],"author":[{"embeddable":true,"href":"https:\/\/psicologoalejandrotolosa.com\/en\/wp-json\/wp\/v2\/users\/2"}],"replies":[{"embeddable":true,"href":"https:\/\/psicologoalejandrotolosa.com\/en\/wp-json\/wp\/v2\/comments?post=647"}],"version-history":[{"count":10,"href":"https:\/\/psicologoalejandrotolosa.com\/en\/wp-json\/wp\/v2\/pages\/647\/revisions"}],"predecessor-version":[{"id":690,"href":"https:\/\/psicologoalejandrotolosa.com\/en\/wp-json\/wp\/v2\/pages\/647\/revisions\/690"}],"wp:attachment":[{"href":"https:\/\/psicologoalejandrotolosa.com\/en\/wp-json\/wp\/v2\/media?parent=647"}],"curies":[{"name":"wp","href":"https:\/\/api.w.org\/{rel}","templated":true}]}}