{"id":679,"date":"2024-02-11T22:21:30","date_gmt":"2024-02-11T22:21:30","guid":{"rendered":"https:\/\/psicologoalejandrotolosa.com\/?page_id=679"},"modified":"2024-02-11T22:21:30","modified_gmt":"2024-02-11T22:21:30","slug":"sitemap","status":"publish","type":"page","link":"https:\/\/psicologoalejandrotolosa.com\/en\/sitemap\/","title":{"rendered":"sitemap"},"content":{"rendered":"<div data-elementor-type=\"wp-page\" data-elementor-id=\"679\" class=\"elementor elementor-679\" data-elementor-post-type=\"page\">\n\t\t\t\t\t\t<section data-particle_enable=\"false\" data-particle-mobile-disabled=\"false\" class=\"elementor-section elementor-top-section elementor-element elementor-element-18fe882c elementor-section-stretched elementor-section-boxed elementor-section-height-default elementor-section-height-default\" data-id=\"18fe882c\" data-element_type=\"section\" data-e-type=\"section\" data-settings=\"{&quot;stretch_section&quot;:&quot;section-stretched&quot;}\">\n\t\t\t\t\t\t<div class=\"elementor-container elementor-column-gap-default\">\n\t\t\t\t\t<div class=\"elementor-column elementor-col-100 elementor-top-column elementor-element elementor-element-4d0096b1\" data-id=\"4d0096b1\" data-element_type=\"column\" data-e-type=\"column\">\n\t\t\t<div class=\"elementor-widget-wrap elementor-element-populated\">\n\t\t\t\t\t\t<div class=\"elementor-element elementor-element-889ce88 elementor-widget elementor-widget-heading\" data-id=\"889ce88\" data-element_type=\"widget\" data-e-type=\"widget\" data-widget_type=\"heading.default\">\n\t\t\t\t<div class=\"elementor-widget-container\">\n\t\t\t\t\t<h1 class=\"elementor-heading-title elementor-size-default\">Sitemap<\/h1>\t\t\t\t<\/div>\n\t\t\t\t<\/div>\n\t\t\t\t<div class=\"elementor-element elementor-element-cad862d elementor-widget elementor-widget-text-editor\" data-id=\"cad862d\" data-element_type=\"widget\" data-e-type=\"widget\" data-widget_type=\"text-editor.default\">\n\t\t\t\t<div class=\"elementor-widget-container\">\n\t\t\t\t\t\t\t\t\t<p>Esta p\u00e1gina contiene un mapa de este sitio web. El sitemap es una herramienta \u00fatil para navegar por la estructura y contenido del sitio. Un mapa\u00a0permite a los motores de b\u00fasqueda indexar y comprender el contenido de un sitio web de manera eficiente. Los motores de b\u00fasqueda pueden identificar f\u00e1cilmente el contenido y su ubicaci\u00f3n, lo que ayuda a indexar el sitio de manera m\u00e1s r\u00e1pida y eficiente. Se\u00a0permite encontrar r\u00e1pidamente un contenido dando una visi\u00f3n general del contenido disponible en el sitio,\u00a0navegando f\u00e1cilmente por las diferentes secciones y p\u00e1ginas.<\/p>\n<p>Enlaces a las p\u00e1ginas principales del sitio web, como la p\u00e1gina de inicio, la p\u00e1gina de contacto y cualquier otra p\u00e1gina importante.<\/p>\n<ul>\n<li><a href=\"https:\/\/psicologoalejandrotolosa.com\/en\/politica-privacidad\/\">https:\/\/psicologoalejandrotolosa.com\/politica-privacidad<\/a><\/li>\n<li><a href=\"https:\/\/psicologoalejandrotolosa.com\/en\/politicas-cookies\/\">https:\/\/psicologoalejandrotolosa.com\/politicas-cookies<\/a><\/li>\n<li><a href=\"https:\/\/psicologoalejandrotolosa.com\/en\/accesibilidad\/\">https:\/\/psicologoalejandrotolosa.com\/accesibilidad<\/a><\/li>\n<li><a href=\"https:\/\/psicologoalejandrotolosa.com\/en\/aviso-legal\/\">https:\/\/psicologoalejandrotolosa.com\/aviso.legal<\/a><\/li>\n<li><a href=\"https:\/\/psicologoalejandrotolosa.com\/en\/que-es-el-psicoanalisis\/\">https:\/\/psicologoalejandrotolosa.com\/que-es-el-psicoanalisis<\/a><\/li>\n<li><a href=\"https:\/\/psicologoalejandrotolosa.com\/en\/que-es-la-psicoterapia\/\">https:\/\/psicologoalejandrotolosa.com\/que-es-la-psicoterapia<\/a><\/li>\n<li><a href=\"https:\/\/psicologoalejandrotolosa.com\/en\/\">https:\/\/psicologoalejandrotolosa.com\/<\/a><\/li>\n<li><a href=\"https:\/\/psicologoalejandrotolosa.com\/en\/servicios\/\">https:\/\/psicologoalejandrotolosa.com\/servicios<\/a><\/li>\n<li><a href=\"https:\/\/psicologoalejandrotolosa.com\/en\/publicaciones\/\">https:\/\/psicologoalejandrotolosa.com\/publicaciones<\/a><\/li>\n<li><a href=\"https:\/\/psicologoalejandrotolosa.com\/en\/blog\/\">https:\/\/psicologoalejandrotolosa.com\/blog<\/a><\/li>\n<\/ul>\n<p>Esperamos que esta herramienta le haya sido \u00fatil para navegar por nuestro sitio web. Si tiene alguna pregunta o comentario, no dude en ponerse en contacto con nosotros.<\/p>\n<p>Esta p\u00e1gina es una herramienta esencial para cualquier sitio web. Puede ayudar a mejorar la indexaci\u00f3n, optimizar el SEO, mejorar la experiencia del usuario y facilitar la identificaci\u00f3n de errores t\u00e9cnicos.<\/p>\t\t\t\t\t\t\t\t<\/div>\n\t\t\t\t<\/div>\n\t\t\t\t\t<\/div>\n\t\t<\/div>\n\t\t\t\t\t<\/div>\n\t\t<\/section>\n\t\t\t\t<\/div>","protected":false},"excerpt":{"rendered":"<p>Sitemap Esta p\u00e1gina contiene un mapa de este sitio web. El sitemap es una herramienta \u00fatil para navegar por la estructura y contenido del sitio. Un mapa\u00a0permite a los motores de b\u00fasqueda indexar y comprender el contenido de un sitio web de manera eficiente. Los motores de b\u00fasqueda pueden identificar f\u00e1cilmente el contenido y su &#8230; <a title=\"sitemap\" class=\"read-more\" href=\"https:\/\/psicologoalejandrotolosa.com\/en\/sitemap\/\" aria-label=\"Read more about sitemap\">Leer m\u00e1s<\/a><\/p>","protected":false},"author":2,"featured_media":0,"parent":0,"menu_order":0,"comment_status":"closed","ping_status":"closed","template":"","meta":{"footnotes":""},"class_list":["post-679","page","type-page","status-publish"],"yoast_head":"<!-- This site is optimized with the Yoast SEO plugin v27.4 - https:\/\/yoast.com\/product\/yoast-seo-wordpress\/ -->\n<title>sitemap - Alejandro Tolosa<\/title>\n<meta name=\"robots\" content=\"index, follow, max-snippet:-1, max-image-preview:large, max-video-preview:-1\" \/>\n<link rel=\"canonical\" href=\"https:\/\/psicologoalejandrotolosa.com\/en\/sitemap\/\" \/>\n<meta property=\"og:locale\" content=\"en_GB\" \/>\n<meta property=\"og:type\" content=\"article\" \/>\n<meta property=\"og:title\" content=\"sitemap - Alejandro Tolosa\" \/>\n<meta property=\"og:description\" content=\"Sitemap Esta p\u00e1gina contiene un mapa de este sitio web. El sitemap es una herramienta \u00fatil para navegar por la estructura y contenido del sitio. Un mapa\u00a0permite a los motores de b\u00fasqueda indexar y comprender el contenido de un sitio web de manera eficiente. Los motores de b\u00fasqueda pueden identificar f\u00e1cilmente el contenido y su ... Leer m\u00e1s\" \/>\n<meta property=\"og:url\" content=\"https:\/\/psicologoalejandrotolosa.com\/en\/sitemap\/\" \/>\n<meta property=\"og:site_name\" content=\"Alejandro Tolosa\" \/>\n<meta name=\"twitter:card\" content=\"summary_large_image\" \/>\n<meta name=\"twitter:label1\" content=\"Estimated reading time\" \/>\n\t<meta name=\"twitter:data1\" content=\"1 minute\" \/>\n<script type=\"application\/ld+json\" class=\"yoast-schema-graph\">{\"@context\":\"https:\\\/\\\/schema.org\",\"@graph\":[{\"@type\":\"WebPage\",\"@id\":\"https:\\\/\\\/psicologoalejandrotolosa.com\\\/sitemap\\\/\",\"url\":\"https:\\\/\\\/psicologoalejandrotolosa.com\\\/sitemap\\\/\",\"name\":\"sitemap - Alejandro Tolosa\",\"isPartOf\":{\"@id\":\"https:\\\/\\\/psicologoalejandrotolosa.com\\\/#website\"},\"datePublished\":\"2024-02-11T22:21:30+00:00\",\"breadcrumb\":{\"@id\":\"https:\\\/\\\/psicologoalejandrotolosa.com\\\/sitemap\\\/#breadcrumb\"},\"inLanguage\":\"en-GB\",\"potentialAction\":[{\"@type\":\"ReadAction\",\"target\":[\"https:\\\/\\\/psicologoalejandrotolosa.com\\\/sitemap\\\/\"]}]},{\"@type\":\"BreadcrumbList\",\"@id\":\"https:\\\/\\\/psicologoalejandrotolosa.com\\\/sitemap\\\/#breadcrumb\",\"itemListElement\":[{\"@type\":\"ListItem\",\"position\":1,\"name\":\"Portada\",\"item\":\"https:\\\/\\\/psicologoalejandrotolosa.com\\\/\"},{\"@type\":\"ListItem\",\"position\":2,\"name\":\"sitemap\"}]},{\"@type\":\"WebSite\",\"@id\":\"https:\\\/\\\/psicologoalejandrotolosa.com\\\/#website\",\"url\":\"https:\\\/\\\/psicologoalejandrotolosa.com\\\/\",\"name\":\"Alejandro Tolosa\",\"description\":\"\",\"publisher\":{\"@id\":\"https:\\\/\\\/psicologoalejandrotolosa.com\\\/#organization\"},\"potentialAction\":[{\"@type\":\"SearchAction\",\"target\":{\"@type\":\"EntryPoint\",\"urlTemplate\":\"https:\\\/\\\/psicologoalejandrotolosa.com\\\/?s={search_term_string}\"},\"query-input\":{\"@type\":\"PropertyValueSpecification\",\"valueRequired\":true,\"valueName\":\"search_term_string\"}}],\"inLanguage\":\"en-GB\"},{\"@type\":\"Organization\",\"@id\":\"https:\\\/\\\/psicologoalejandrotolosa.com\\\/#organization\",\"name\":\"Alejandro Tolosa\",\"url\":\"https:\\\/\\\/psicologoalejandrotolosa.com\\\/\",\"logo\":{\"@type\":\"ImageObject\",\"inLanguage\":\"en-GB\",\"@id\":\"https:\\\/\\\/psicologoalejandrotolosa.com\\\/#\\\/schema\\\/logo\\\/image\\\/\",\"url\":\"https:\\\/\\\/psicologoalejandrotolosa.com\\\/wp-content\\\/uploads\\\/2024\\\/03\\\/cropped-Diseno-sin-titulo-70.png\",\"contentUrl\":\"https:\\\/\\\/psicologoalejandrotolosa.com\\\/wp-content\\\/uploads\\\/2024\\\/03\\\/cropped-Diseno-sin-titulo-70.png\",\"width\":500,\"height\":472,\"caption\":\"Alejandro Tolosa\"},\"image\":{\"@id\":\"https:\\\/\\\/psicologoalejandrotolosa.com\\\/#\\\/schema\\\/logo\\\/image\\\/\"}}]}<\/script>\n<!-- \/ Yoast SEO plugin. -->","yoast_head_json":{"title":"sitemap - Alejandro Tolosa","robots":{"index":"index","follow":"follow","max-snippet":"max-snippet:-1","max-image-preview":"max-image-preview:large","max-video-preview":"max-video-preview:-1"},"canonical":"https:\/\/psicologoalejandrotolosa.com\/en\/sitemap\/","og_locale":"en_GB","og_type":"article","og_title":"sitemap - Alejandro Tolosa","og_description":"Sitemap Esta p\u00e1gina contiene un mapa de este sitio web. El sitemap es una herramienta \u00fatil para navegar por la estructura y contenido del sitio. Un mapa\u00a0permite a los motores de b\u00fasqueda indexar y comprender el contenido de un sitio web de manera eficiente. Los motores de b\u00fasqueda pueden identificar f\u00e1cilmente el contenido y su ... Leer m\u00e1s","og_url":"https:\/\/psicologoalejandrotolosa.com\/en\/sitemap\/","og_site_name":"Alejandro Tolosa","twitter_card":"summary_large_image","twitter_misc":{"Estimated reading time":"1 minute"},"schema":{"@context":"https:\/\/schema.org","@graph":[{"@type":"WebPage","@id":"https:\/\/psicologoalejandrotolosa.com\/sitemap\/","url":"https:\/\/psicologoalejandrotolosa.com\/sitemap\/","name":"sitemap - Alejandro Tolosa","isPartOf":{"@id":"https:\/\/psicologoalejandrotolosa.com\/#website"},"datePublished":"2024-02-11T22:21:30+00:00","breadcrumb":{"@id":"https:\/\/psicologoalejandrotolosa.com\/sitemap\/#breadcrumb"},"inLanguage":"en-GB","potentialAction":[{"@type":"ReadAction","target":["https:\/\/psicologoalejandrotolosa.com\/sitemap\/"]}]},{"@type":"BreadcrumbList","@id":"https:\/\/psicologoalejandrotolosa.com\/sitemap\/#breadcrumb","itemListElement":[{"@type":"ListItem","position":1,"name":"Portada","item":"https:\/\/psicologoalejandrotolosa.com\/"},{"@type":"ListItem","position":2,"name":"sitemap"}]},{"@type":"WebSite","@id":"https:\/\/psicologoalejandrotolosa.com\/#website","url":"https:\/\/psicologoalejandrotolosa.com\/","name":"Alejandro Tolosa","description":"","publisher":{"@id":"https:\/\/psicologoalejandrotolosa.com\/#organization"},"potentialAction":[{"@type":"SearchAction","target":{"@type":"EntryPoint","urlTemplate":"https:\/\/psicologoalejandrotolosa.com\/?s={search_term_string}"},"query-input":{"@type":"PropertyValueSpecification","valueRequired":true,"valueName":"search_term_string"}}],"inLanguage":"en-GB"},{"@type":"Organization","@id":"https:\/\/psicologoalejandrotolosa.com\/#organization","name":"Alejandro Tolosa","url":"https:\/\/psicologoalejandrotolosa.com\/","logo":{"@type":"ImageObject","inLanguage":"en-GB","@id":"https:\/\/psicologoalejandrotolosa.com\/#\/schema\/logo\/image\/","url":"https:\/\/psicologoalejandrotolosa.com\/wp-content\/uploads\/2024\/03\/cropped-Diseno-sin-titulo-70.png","contentUrl":"https:\/\/psicologoalejandrotolosa.com\/wp-content\/uploads\/2024\/03\/cropped-Diseno-sin-titulo-70.png","width":500,"height":472,"caption":"Alejandro Tolosa"},"image":{"@id":"https:\/\/psicologoalejandrotolosa.com\/#\/schema\/logo\/image\/"}}]}},"_links":{"self":[{"href":"https:\/\/psicologoalejandrotolosa.com\/en\/wp-json\/wp\/v2\/pages\/679","targetHints":{"allow":["GET"]}}],"collection":[{"href":"https:\/\/psicologoalejandrotolosa.com\/en\/wp-json\/wp\/v2\/pages"}],"about":[{"href":"https:\/\/psicologoalejandrotolosa.com\/en\/wp-json\/wp\/v2\/types\/page"}],"author":[{"embeddable":true,"href":"https:\/\/psicologoalejandrotolosa.com\/en\/wp-json\/wp\/v2\/users\/2"}],"replies":[{"embeddable":true,"href":"https:\/\/psicologoalejandrotolosa.com\/en\/wp-json\/wp\/v2\/comments?post=679"}],"version-history":[{"count":1,"href":"https:\/\/psicologoalejandrotolosa.com\/en\/wp-json\/wp\/v2\/pages\/679\/revisions"}],"predecessor-version":[{"id":680,"href":"https:\/\/psicologoalejandrotolosa.com\/en\/wp-json\/wp\/v2\/pages\/679\/revisions\/680"}],"wp:attachment":[{"href":"https:\/\/psicologoalejandrotolosa.com\/en\/wp-json\/wp\/v2\/media?parent=679"}],"curies":[{"name":"wp","href":"https:\/\/api.w.org\/{rel}","templated":true}]}}